{"id":1716,"date":"2021-02-18T11:16:22","date_gmt":"2021-02-18T10:16:22","guid":{"rendered":"https:\/\/phoenix-enzymreiniger.com\/?page_id=1716"},"modified":"2025-12-11T20:16:39","modified_gmt":"2025-12-11T19:16:39","slug":"produktflyer-phoenix","status":"publish","type":"page","link":"https:\/\/phoenix-enzymreiniger.de\/en\/produktflyer-phoenix\/","title":{"rendered":"Product Flyer Phoenix"},"content":{"rendered":"<div data-elementor-type=\"wp-page\" data-elementor-id=\"1716\" class=\"elementor elementor-1716\" data-elementor-post-type=\"page\">\n\t\t\t\t\t\t<section class=\"elementor-section elementor-top-section elementor-element elementor-element-334e229 elementor-section-boxed elementor-section-height-default elementor-section-height-default\" data-id=\"334e229\" data-element_type=\"section\" data-e-type=\"section\">\n\t\t\t\t\t\t<div class=\"elementor-container elementor-column-gap-default\">\n\t\t\t\t\t<div class=\"elementor-column elementor-col-100 elementor-top-column elementor-element elementor-element-a3a0996\" data-id=\"a3a0996\" data-element_type=\"column\" data-e-type=\"column\">\n\t\t\t<div class=\"elementor-widget-wrap elementor-element-populated\">\n\t\t\t\t\t\t<div class=\"elementor-element elementor-element-2f302d7 elementor-widget elementor-widget-heading\" data-id=\"2f302d7\" data-element_type=\"widget\" data-e-type=\"widget\" data-widget_type=\"heading.default\">\n\t\t\t\t\t<h1 class=\"elementor-heading-title elementor-size-large\">Phoenix Enzyme Cleaner Product Flyer<\/h1>\t\t\t\t<\/div>\n\t\t\t\t\t<\/div>\n\t\t<\/div>\n\t\t\t\t\t<\/div>\n\t\t<\/section>\n\t\t\t\t<section class=\"elementor-section elementor-top-section elementor-element elementor-element-ad576bd elementor-section-boxed elementor-section-height-default elementor-section-height-default\" data-id=\"ad576bd\" data-element_type=\"section\" data-e-type=\"section\">\n\t\t\t\t\t\t<div class=\"elementor-container elementor-column-gap-default\">\n\t\t\t\t\t<div class=\"elementor-column elementor-col-100 elementor-top-column elementor-element elementor-element-a63d47d\" data-id=\"a63d47d\" data-element_type=\"column\" data-e-type=\"column\">\n\t\t\t<div class=\"elementor-widget-wrap\">\n\t\t\t\t\t\t\t<\/div>\n\t\t<\/div>\n\t\t\t\t\t<\/div>\n\t\t<\/section>\n\t\t\t\t<section class=\"elementor-section elementor-top-section elementor-element elementor-element-407cca9 elementor-section-boxed elementor-section-height-default elementor-section-height-default\" data-id=\"407cca9\" data-element_type=\"section\" data-e-type=\"section\">\n\t\t\t\t\t\t<div class=\"elementor-container elementor-column-gap-default\">\n\t\t\t\t\t<div class=\"elementor-column elementor-col-100 elementor-top-column elementor-element elementor-element-8028b4c\" data-id=\"8028b4c\" data-element_type=\"column\" data-e-type=\"column\">\n\t\t\t<div class=\"elementor-widget-wrap elementor-element-populated\">\n\t\t\t\t\t\t<div class=\"elementor-element elementor-element-6270f54 elementor-widget elementor-widget-text-editor\" data-id=\"6270f54\" data-element_type=\"widget\" data-e-type=\"widget\" data-widget_type=\"text-editor.default\">\n\t\t\t\t\t\t\t\t\t<p>Solltet Ihr Euren Flyer einmal verlegen, oder zur schnellen Information, zum Phoenix, stellen wir euch hier den aktuellen Produktflyer in Deutsch und Englisch zur Verf\u00fcgung. Bitte entschuldigt das nicht immer alle Anwendungsm\u00f6glichkeiten auf unseren Flyer Erw\u00e4hnung finden k\u00f6nnen, aber die breiten Anwendungsm\u00f6glichkeiten des Phoenix sprengen leicht das Platzangebot, welch ein solches Printmedium anbietet. Bei Fragen stehen wir Euch jedoch unter <a href=\"https:\/\/phoenix-enzymreiniger.com\/de_de\/kontakt\/\">Contact<\/a> gladly at your disposal<\/p>\t\t\t\t\t\t\t\t<\/div>\n\t\t\t\t\t<\/div>\n\t\t<\/div>\n\t\t\t\t\t<\/div>\n\t\t<\/section>\n\t\t<div class=\"elementor-element elementor-element-ba5e2b6 e-flex e-con-boxed e-con e-parent\" data-id=\"ba5e2b6\" data-element_type=\"container\" data-e-type=\"container\">\n\t\t\t\t\t<div class=\"e-con-inner\">\n\t\t\t\t<div class=\"elementor-element elementor-element-ce195c5 elementor-widget elementor-widget-gallery\" data-id=\"ce195c5\" data-element_type=\"widget\" data-e-type=\"widget\" data-settings=\"{&quot;aspect_ratio&quot;:&quot;4:3&quot;,&quot;lazyload&quot;:&quot;yes&quot;,&quot;gallery_layout&quot;:&quot;grid&quot;,&quot;columns&quot;:4,&quot;columns_tablet&quot;:2,&quot;columns_mobile&quot;:1,&quot;gap&quot;:{&quot;unit&quot;:&quot;px&quot;,&quot;size&quot;:10,&quot;sizes&quot;:[]},&quot;gap_tablet_extra&quot;:{&quot;unit&quot;:&quot;px&quot;,&quot;size&quot;:10,&quot;sizes&quot;:[]},&quot;gap_tablet&quot;:{&quot;unit&quot;:&quot;px&quot;,&quot;size&quot;:10,&quot;sizes&quot;:[]},&quot;gap_mobile&quot;:{&quot;unit&quot;:&quot;px&quot;,&quot;size&quot;:10,&quot;sizes&quot;:[]},&quot;link_to&quot;:&quot;file&quot;,&quot;overlay_background&quot;:&quot;yes&quot;,&quot;content_hover_animation&quot;:&quot;fade-in&quot;}\" data-widget_type=\"gallery.default\">\n\t\t\t\t\t\t\t<div class=\"elementor-gallery__container\">\n\t\t\t\t\t\t\t<a class=\"e-gallery-item elementor-gallery-item elementor-animated-content\" href=\"https:\/\/phoenix-enzymreiniger.de\/wp-content\/uploads\/2020\/10\/Phoenix-Flyer-Feb-2021-Seite-1.webp\" data-elementor-open-lightbox=\"yes\" data-elementor-lightbox-slideshow=\"ce195c5\" data-elementor-lightbox-title=\"Flyer Deutsch Seite 1\" data-elementor-lightbox-description=\"Flyer Deutsch Seite 1\" data-e-action-hash=\"#elementor-action%3Aaction%3Dlightbox%26settings%3DeyJpZCI6MzQyMywidXJsIjoiaHR0cHM6XC9cL3Bob2VuaXgtZW56eW1yZWluaWdlci5kZVwvd3AtY29udGVudFwvdXBsb2Fkc1wvMjAyMFwvMTBcL1Bob2VuaXgtRmx5ZXItRmViLTIwMjEtU2VpdGUtMS53ZWJwIiwic2xpZGVzaG93IjoiY2UxOTVjNSJ9\">\n\t\t\t\t\t<div class=\"e-gallery-image elementor-gallery-item__image\" data-thumbnail=\"https:\/\/phoenix-enzymreiniger.de\/wp-content\/uploads\/2020\/10\/Phoenix-Flyer-Feb-2021-Seite-1-300x216.webp\" data-width=\"300\" data-height=\"216\" aria-label=\"Flyer Deutsch Seite 1\" role=\"img\" ><\/div>\n\t\t\t\t\t\t\t\t\t\t\t<div class=\"elementor-gallery-item__overlay\"><\/div>\n\t\t\t\t\t\t\t\t\t\t\t\t\t\t<\/a>\n\t\t\t\t\t\t\t<a class=\"e-gallery-item elementor-gallery-item elementor-animated-content\" href=\"https:\/\/phoenix-enzymreiniger.de\/wp-content\/uploads\/2020\/10\/Phoenix-Flyer-Feb-2021-Seite-2.webp\" data-elementor-open-lightbox=\"yes\" data-elementor-lightbox-slideshow=\"ce195c5\" data-elementor-lightbox-title=\"Phoenix Flyer Feb 2021 Seite 2\" data-elementor-lightbox-description=\"Flyer Deutsch Seite 2\" data-e-action-hash=\"#elementor-action%3Aaction%3Dlightbox%26settings%3DeyJpZCI6MzQyNCwidXJsIjoiaHR0cHM6XC9cL3Bob2VuaXgtZW56eW1yZWluaWdlci5kZVwvd3AtY29udGVudFwvdXBsb2Fkc1wvMjAyMFwvMTBcL1Bob2VuaXgtRmx5ZXItRmViLTIwMjEtU2VpdGUtMi53ZWJwIiwic2xpZGVzaG93IjoiY2UxOTVjNSJ9\">\n\t\t\t\t\t<div class=\"e-gallery-image elementor-gallery-item__image\" data-thumbnail=\"https:\/\/phoenix-enzymreiniger.de\/wp-content\/uploads\/2020\/10\/Phoenix-Flyer-Feb-2021-Seite-2-300x217.webp\" data-width=\"300\" data-height=\"217\" aria-label=\"Flyer Deutsch Seite 2\" role=\"img\" ><\/div>\n\t\t\t\t\t\t\t\t\t\t\t<div class=\"elementor-gallery-item__overlay\"><\/div>\n\t\t\t\t\t\t\t\t\t\t\t\t\t\t<\/a>\n\t\t\t\t\t\t\t<a class=\"e-gallery-item elementor-gallery-item elementor-animated-content\" href=\"https:\/\/phoenix-enzymreiniger.de\/wp-content\/uploads\/2022\/10\/Flyer-Englisch-1-2.webp\" data-elementor-open-lightbox=\"yes\" data-elementor-lightbox-slideshow=\"ce195c5\" data-elementor-lightbox-title=\"Flyer Englisch 1\" data-e-action-hash=\"#elementor-action%3Aaction%3Dlightbox%26settings%3DeyJpZCI6MzQzOCwidXJsIjoiaHR0cHM6XC9cL3Bob2VuaXgtZW56eW1yZWluaWdlci5kZVwvd3AtY29udGVudFwvdXBsb2Fkc1wvMjAyMlwvMTBcL0ZseWVyLUVuZ2xpc2NoLTEtMi53ZWJwIiwic2xpZGVzaG93IjoiY2UxOTVjNSJ9\">\n\t\t\t\t\t<div class=\"e-gallery-image elementor-gallery-item__image\" data-thumbnail=\"https:\/\/phoenix-enzymreiniger.de\/wp-content\/uploads\/2022\/10\/Flyer-Englisch-1-2-300x213.webp\" data-width=\"300\" data-height=\"213\" aria-label=\"\" role=\"img\" ><\/div>\n\t\t\t\t\t\t\t\t\t\t\t<div class=\"elementor-gallery-item__overlay\"><\/div>\n\t\t\t\t\t\t\t\t\t\t\t\t\t\t<\/a>\n\t\t\t\t\t\t\t<a class=\"e-gallery-item elementor-gallery-item elementor-animated-content\" href=\"https:\/\/phoenix-enzymreiniger.de\/wp-content\/uploads\/2022\/10\/Flyer-Englisch-2-1.webp\" data-elementor-open-lightbox=\"yes\" data-elementor-lightbox-slideshow=\"ce195c5\" data-elementor-lightbox-title=\"Flyer Englisch 2\" data-e-action-hash=\"#elementor-action%3Aaction%3Dlightbox%26settings%3DeyJpZCI6MzQzOSwidXJsIjoiaHR0cHM6XC9cL3Bob2VuaXgtZW56eW1yZWluaWdlci5kZVwvd3AtY29udGVudFwvdXBsb2Fkc1wvMjAyMlwvMTBcL0ZseWVyLUVuZ2xpc2NoLTItMS53ZWJwIiwic2xpZGVzaG93IjoiY2UxOTVjNSJ9\">\n\t\t\t\t\t<div class=\"e-gallery-image elementor-gallery-item__image\" data-thumbnail=\"https:\/\/phoenix-enzymreiniger.de\/wp-content\/uploads\/2022\/10\/Flyer-Englisch-2-1-300x210.webp\" data-width=\"300\" data-height=\"210\" aria-label=\"\" role=\"img\" ><\/div>\n\t\t\t\t\t\t\t\t\t\t\t<div class=\"elementor-gallery-item__overlay\"><\/div>\n\t\t\t\t\t\t\t\t\t\t\t\t\t\t<\/a>\n\t\t\t\t\t<\/div>\n\t\t\t\t\t<\/div>\n\t\t\t\t\t<\/div>\n\t\t\t\t<\/div>\n\t\t<div class=\"elementor-element elementor-element-1b71e88 e-flex e-con-boxed e-con e-parent\" data-id=\"1b71e88\" data-element_type=\"container\" data-e-type=\"container\">\n\t\t\t\t\t<div class=\"e-con-inner\">\n\t\t<div class=\"elementor-element elementor-element-630bdea e-con-full e-flex e-con e-child\" data-id=\"630bdea\" data-element_type=\"container\" data-e-type=\"container\">\n\t\t\t\t<div class=\"elementor-element elementor-element-c7a2fa5 elementor-align-center elementor-widget elementor-widget-button\" data-id=\"c7a2fa5\" data-element_type=\"widget\" data-e-type=\"widget\" data-widget_type=\"button.default\">\n\t\t\t\t\t\t\t\t\t\t<a class=\"elementor-button elementor-button-link elementor-size-sm\" href=\"https:\/\/phoenix-enzymreiniger.com\/wp-content\/uploads\/flyer-phoenix-deutsch.pdf\">\n\t\t\t\t\t\t<span class=\"elementor-button-content-wrapper\">\n\t\t\t\t\t\t\t\t\t<span class=\"elementor-button-text\">Download Phoenix Flyer Deutsch<\/span>\n\t\t\t\t\t<\/span>\n\t\t\t\t\t<\/a>\n\t\t\t\t\t\t\t\t<\/div>\n\t\t\t\t<\/div>\n\t\t<div class=\"elementor-element elementor-element-4cfd9c6 e-con-full e-flex e-con e-child\" data-id=\"4cfd9c6\" data-element_type=\"container\" data-e-type=\"container\">\n\t\t\t\t<div class=\"elementor-element elementor-element-593cfca elementor-align-center elementor-widget elementor-widget-button\" data-id=\"593cfca\" data-element_type=\"widget\" data-e-type=\"widget\" data-widget_type=\"button.default\">\n\t\t\t\t\t\t\t\t\t\t<a class=\"elementor-button elementor-button-link elementor-size-sm\" href=\"https:\/\/phoenix-enzymreiniger.com\/wp-content\/uploads\/phoenix-flyer-english.pdf\">\n\t\t\t\t\t\t<span class=\"elementor-button-content-wrapper\">\n\t\t\t\t\t\t\t\t\t<span class=\"elementor-button-text\">Download Phoenix Flyer English<\/span>\n\t\t\t\t\t<\/span>\n\t\t\t\t\t<\/a>\n\t\t\t\t\t\t\t\t<\/div>\n\t\t\t\t<\/div>\n\t\t\t\t\t<\/div>\n\t\t\t\t<\/div>\n\t\t\t\t<\/div>","protected":false},"excerpt":{"rendered":"<p>Phoenix Enzymreiniger Produkt-Flyer Solltet Ihr Euren Flyer einmal verlegen, oder zur schnellen Information, zum Phoenix, stellen wir euch hier den aktuellen Produktflyer in Deutsch und Englisch zur Verf\u00fcgung. Bitte entschuldigt das nicht immer alle Anwendungsm\u00f6glichkeiten auf unseren Flyer Erw\u00e4hnung finden k\u00f6nnen, aber die breiten Anwendungsm\u00f6glichkeiten des Phoenix sprengen leicht das Platzangebot, welch ein solches Printmedium [&hellip;]<\/p>\n","protected":false},"author":1,"featured_media":0,"parent":0,"menu_order":0,"comment_status":"closed","ping_status":"closed","template":"","meta":{"footnotes":""},"class_list":["post-1716","page","type-page","status-publish","hentry"],"_links":{"self":[{"href":"https:\/\/phoenix-enzymreiniger.de\/en\/wp-json\/wp\/v2\/pages\/1716","targetHints":{"allow":["GET"]}}],"collection":[{"href":"https:\/\/phoenix-enzymreiniger.de\/en\/wp-json\/wp\/v2\/pages"}],"about":[{"href":"https:\/\/phoenix-enzymreiniger.de\/en\/wp-json\/wp\/v2\/types\/page"}],"author":[{"embeddable":true,"href":"https:\/\/phoenix-enzymreiniger.de\/en\/wp-json\/wp\/v2\/users\/1"}],"replies":[{"embeddable":true,"href":"https:\/\/phoenix-enzymreiniger.de\/en\/wp-json\/wp\/v2\/comments?post=1716"}],"version-history":[{"count":0,"href":"https:\/\/phoenix-enzymreiniger.de\/en\/wp-json\/wp\/v2\/pages\/1716\/revisions"}],"wp:attachment":[{"href":"https:\/\/phoenix-enzymreiniger.de\/en\/wp-json\/wp\/v2\/media?parent=1716"}],"curies":[{"name":"wp","href":"https:\/\/api.w.org\/{rel}","templated":true}]}}