{"id":430,"date":"2020-11-02T13:51:49","date_gmt":"2020-11-02T12:51:49","guid":{"rendered":"https:\/\/phoenix-enzymreiniger.com\/?page_id=430"},"modified":"2026-03-23T04:32:48","modified_gmt":"2026-03-23T03:32:48","slug":"widerrufsbelehrung","status":"publish","type":"page","link":"https:\/\/phoenix-enzymreiniger.de\/en\/widerrufsbelehrung\/","title":{"rendered":"Cancellation policy"},"content":{"rendered":"\t\t<div data-elementor-type=\"wp-page\" data-elementor-id=\"430\" class=\"elementor elementor-430\" data-elementor-post-type=\"page\">\n\t\t\t\t\t\t<section class=\"elementor-section elementor-top-section elementor-element elementor-element-c91a4e8 elementor-section-boxed elementor-section-height-default elementor-section-height-default\" data-id=\"c91a4e8\" data-element_type=\"section\" data-e-type=\"section\">\n\t\t\t\t\t\t<div class=\"elementor-container elementor-column-gap-default\">\n\t\t\t\t\t<div class=\"elementor-column elementor-col-100 elementor-top-column elementor-element elementor-element-e69b81d\" data-id=\"e69b81d\" data-element_type=\"column\" data-e-type=\"column\">\n\t\t\t<div class=\"elementor-widget-wrap elementor-element-populated\">\n\t\t\t\t\t\t<div class=\"elementor-element elementor-element-1769a27 elementor-widget elementor-widget-text-editor\" data-id=\"1769a27\" data-element_type=\"widget\" data-e-type=\"widget\" data-widget_type=\"text-editor.default\">\n\t\t\t\t\t\t\t\t\t<p><span style=\"color: #000000;\"><strong>Widerrufsbelehrung:<\/strong><\/span><\/p><p><span style=\"color: #000000;\">Sie haben das Recht, binnen vierzehn Tagen\u00a0ohne Angabe von Gr\u00fcnden diesen Vertrag zu widerrufen. Die Widerrufsfrist betr\u00e4gt\u00a0vierzehn Tage\u00a0ab dem Tag,\u00a0 an dem Sie oder ein von Ihnen benannter Dritter, der nicht der Bef\u00f6rderer ist, die Waren in Besitz genommen haben bzw. hat.\u00a0\u00a0<\/span><\/p><p><span style=\"color: #000000;\">Um Ihr Widerrufsrecht auszu\u00fcben, m\u00fcssen Sie uns (Beratungs &amp; Vertriebsagentur Schmidt Dieter Schmidt, Lange Hecke, 11, 41462 Nordrhein-Westfalen &#8211; Neuss, Deutschland, d.schmidt@vertriebsservice-schmidt.de, mittels einer eindeutigen Erkl\u00e4rung (z.B. ein mit der Post versandter Brief oder eine E-Mail) \u00fcber Ihren Entschluss, diesen Vertrag zu widerrufen, informieren. Sie k\u00f6nnen daf\u00fcr das beigef\u00fcgte Muster-Widerrufsformular verwenden, das jedoch nicht vorgeschrieben ist.\u00a0<\/span><\/p><p><span style=\"color: #000000;\">Sie k\u00f6nnen das Muster-Widerrufsformular oder eine andere eindeutige Erkl\u00e4rung auch auf unserer Webseite https:\/\/phoenix-enzymreiniger.com\/de_de\/widerrufsbelehrung-2\/ elektronisch ausf\u00fcllen und \u00fcbermitteln. Machen Sie von dieser M\u00f6glichkeit Gebrauch, so werden wir Ihnen unverz\u00fcglich (z.B. per E-Mail) eine Best\u00e4tigung \u00fcber den Eingang eines solchen Widerrufs \u00fcbermitteln.<\/span><\/p><p><span style=\"color: #000000;\">Zur Wahrung der Widerrufsfrist reicht es aus, dass Sie die Mitteilung \u00fcber die Aus\u00fcbung des Widerrufsrechts vor Ablauf der Widerrufsfrist absenden.\u00a0 Folgen des Widerrufs\u00a0 Wenn Sie diesen Vertrag widerrufen, haben wir Ihnen alle Zahlungen, die wir von Ihnen erhalten haben, einschlie\u00dflich der Lieferkosten (mit Ausnahme der zus\u00e4tzlichen Kosten, die sich daraus ergeben, dass Sie eine andere Art der Lieferung als die von uns angebotene, g\u00fcnstigste Standardlieferung gew\u00e4hlt haben), unverz\u00fcglich und sp\u00e4testens binnen vierzehn Tagen ab dem Tag zur\u00fcckzuzahlen, an dem die Mitteilung \u00fcber Ihren Widerruf dieses Vertrags bei uns eingegangen ist. F\u00fcr diese R\u00fcckzahlung verwenden wir dasselbe Zahlungsmittel, das Sie bei der urspr\u00fcnglichen Transaktion eingesetzt haben, es sei denn, mit Ihnen wurde ausdr\u00fccklich etwas anderes vereinbart; in keinem Fall werden Ihnen wegen dieser R\u00fcckzahlung Entgelte berechnet.<\/span><\/p><p><span style=\"color: #000000;\">\u00a0Wir k\u00f6nnen die R\u00fcckzahlung verweigern, bis wir die Waren wieder zur\u00fcckerhalten haben oder bis Sie den Nachweis erbracht haben, dass Sie die Waren zur\u00fcckgesandt haben, je nachdem, welches der fr\u00fchere Zeitpunkt ist.<\/span><\/p><p><span style=\"color: #000000;\">\u00a0Sie haben die Waren unverz\u00fcglich und in jedem Fall sp\u00e4testens binnen vierzehn Tagen ab dem Tag, an dem Sie uns \u00fcber den Widerruf dieses Vertrags unterrichten, an uns zur\u00fcckzusenden oder zu \u00fcbergeben. Die Frist ist gewahrt, wenn Sie die Waren vor Ablauf der Frist von vierzehn Tagen absenden.\u00a0<\/span><\/p><p><span style=\"color: #000000;\">\u00a0Sie tragen die unmittelbaren Kosten der R\u00fccksendung der Waren.<\/span><\/p><p><span style=\"color: #000000;\">\u00a0Sie m\u00fcssen f\u00fcr einen etwaigen Wertverlust der Waren nur aufkommen, wenn dieser Wertverlust auf einen zur Pr\u00fcfung der Beschaffenheit, Eigenschaften und Funktionsweise der Waren nicht notwendigen Umgang mit ihnen zur\u00fcckzuf\u00fchren ist.<\/span><\/p><p><span style=\"color: #000000;\">Muster-Widerrufsformular<\/span><\/p><p><span style=\"color: #000000;\">(Wenn Sie den Vertrag widerrufen wollen, dann Kopieren Sie bitte dieses Formular und senden Sie ausgef\u00fcllt und unterschreiben an uns\u00a0 zur\u00fcck.)<\/span><\/p><p><span style=\"color: #000000;\">\u2013 An Beratungs &amp; Vertriebsagentur Schmidt Dieter Schmidt, Lange Hecke, 11, 41462 Nordrhein-Westfalen &#8211; Neuss, Deutschland, <\/span><br \/><span style=\"color: #000000;\">\u00a0 \u00a0 d.schmidt@vertriebsservice-schmidt.de,\u00a0 \u00a0Fax: +4921318854109<\/span><\/p><p><span style=\"color: #000000;\">\u2013 Hiermit widerrufe(n) ich\/wir (*) den von mir\/uns (*) abgeschlossenen Vertrag \u00fcber den Kauf der folgenden<\/span><br \/><span style=\"color: #000000;\">Waren (*)\/die Erbringung der folgenden Dienstleistung (*)<\/span><\/p><p><span style=\"color: #000000;\">\u2013 Bestellt am (*)\/erhalten am (*)<\/span><\/p><p><span style=\"color: #000000;\">\u2013 Name des\/der Verbraucher(s)<\/span><\/p><p><span style=\"color: #000000;\">\u2013 Anschrift des\/der Verbraucher(s)<\/span><\/p><p><span style=\"color: #000000;\">\u2013 Unterschrift des\/der Verbraucher(s) (nur bei Mitteilung auf Papier)<\/span><\/p><p><span style=\"color: #000000;\">\u2013 Datum<\/span><\/p><p><span style=\"color: #000000;\">(*) Unzutreffendes streichen.<\/span><\/p><p><span style=\"color: #000000;\">Widerrufsbelehrung erstellt mit rechtstexter.de [https:\/\/legal.trustedshops.com\/legalwizard].<\/span><\/p>\t\t\t\t\t\t\t\t<\/div>\n\t\t\t\t\t<\/div>\n\t\t<\/div>\n\t\t\t\t\t<\/div>\n\t\t<\/section>\n\t\t\t\t<\/div>\n\t\t","protected":false},"excerpt":{"rendered":"<p>Widerrufsbelehrung: Sie haben das Recht, binnen vierzehn Tagen\u00a0ohne Angabe von Gr\u00fcnden diesen Vertrag zu widerrufen. Die Widerrufsfrist betr\u00e4gt\u00a0vierzehn Tage\u00a0ab dem Tag,\u00a0 an dem Sie oder ein von Ihnen benannter Dritter, der nicht der Bef\u00f6rderer ist, die Waren in Besitz genommen haben bzw. hat.\u00a0\u00a0 Um Ihr Widerrufsrecht auszu\u00fcben, m\u00fcssen Sie uns (Beratungs &amp; Vertriebsagentur Schmidt Dieter [&hellip;]<\/p>\n","protected":false},"author":1,"featured_media":0,"parent":0,"menu_order":0,"comment_status":"closed","ping_status":"closed","template":"","meta":{"footnotes":""},"class_list":["post-430","page","type-page","status-publish","hentry"],"_links":{"self":[{"href":"https:\/\/phoenix-enzymreiniger.de\/en\/wp-json\/wp\/v2\/pages\/430","targetHints":{"allow":["GET"]}}],"collection":[{"href":"https:\/\/phoenix-enzymreiniger.de\/en\/wp-json\/wp\/v2\/pages"}],"about":[{"href":"https:\/\/phoenix-enzymreiniger.de\/en\/wp-json\/wp\/v2\/types\/page"}],"author":[{"embeddable":true,"href":"https:\/\/phoenix-enzymreiniger.de\/en\/wp-json\/wp\/v2\/users\/1"}],"replies":[{"embeddable":true,"href":"https:\/\/phoenix-enzymreiniger.de\/en\/wp-json\/wp\/v2\/comments?post=430"}],"version-history":[{"count":1,"href":"https:\/\/phoenix-enzymreiniger.de\/en\/wp-json\/wp\/v2\/pages\/430\/revisions"}],"predecessor-version":[{"id":11371,"href":"https:\/\/phoenix-enzymreiniger.de\/en\/wp-json\/wp\/v2\/pages\/430\/revisions\/11371"}],"wp:attachment":[{"href":"https:\/\/phoenix-enzymreiniger.de\/en\/wp-json\/wp\/v2\/media?parent=430"}],"curies":[{"name":"wp","href":"https:\/\/api.w.org\/{rel}","templated":true}]}}