{"id":1081,"date":"2020-11-16T12:05:45","date_gmt":"2020-11-16T11:05:45","guid":{"rendered":"https:\/\/phoenix-enzymreiniger.com\/?post_type=product&#038;p=1081"},"modified":"2026-04-11T18:23:53","modified_gmt":"2026-04-11T16:23:53","slug":"drucksprueher-verstellbare-messingduese","status":"publish","type":"product","link":"https:\/\/phoenix-enzymreiniger.de\/en\/product\/drucksprueher-verstellbare-messingduese\/","title":{"rendered":"Pressure Sprayer Adjustable Brass Nozzle"},"content":{"rendered":"<h1 style=\"text-align: center;\"><span id=\"productTitle\" class=\"a-size-large product-title-word-break\" style=\"color: #0000ff;\">Pressure sprayer, 1.0 - 1.5 litres, adjustable brass nozzle, garden, irrigation, pest control.<\/span><\/h1>\n<p>As described in the product image, we will send the currently stocked model pressure sprayer adjustable brass nozzle when ordering. The product quality corresponds to the description for all pump sprayers.<\/p>\n<ul class=\"a-unordered-list a-vertical a-spacing-mini\">\n<li><span class=\"a-list-item\">Versatile use: sprayer for pest control - watering plants - spraying cleaning agents.<\/span><\/li>\n<li><span class=\"a-list-item\">Adjustable: Adjust desired spray angle with high quality brass nozzle so that mist or jet can be used.<\/span><\/li>\n<li><span class=\"a-list-item\">Praktisch: Rasten Sie den Druckhebel ein, sodass Sie den Dr\u00fccker nicht st\u00e4ndig bet\u00e4tigen m\u00fcssen.<\/span><\/li>\n<li><span class=\"a-list-item\">Spr\u00fchflasche: Die Flasche fasst je nach lagerndem Model 1,0 &#8211; 1,5 l Fl\u00fcssigkeit, Geeignet f\u00fcr Pestizide, Wasser oder Putzmittel.<\/span><\/li>\n<li><span class=\"a-list-item\">Details: Aufsatz und Flasche bestehen aus langlebigem Kunststoff.<\/span><\/li>\n<\/ul>\n<p>Please do not fill any liquids above 40 degrees into the pressure sprayer adjustable brass nozzle, this can damage the pump sprayer mechanism of the spraying unit. The pure liquid container of the pressure sprayer is designed to withstand higher temperatures, therefore mixing in this container is also suitable with hot water.<br \/>\nDenn f\u00fcr den Phoenix ben\u00f6tigen Sie zum Anmischen eine Temperatur von ca. 60 grad, jedoch nicht die ganze Menge an Fl\u00fcssigkeit. Sie k\u00f6nnen hier bequem 20gr Phoenix (ein Siegelbeutel) in den Pumpspr\u00fcher geben,\u00a0 200 ml\u00a0 hei\u00dfes Wasser dazugeben, leicht schwenken, damit sich der Gelmantel um den Enzymen l\u00f6sen kann und dann bis auf 1,0 oder 1,5 Liter mit kaltem Wasser auff\u00fcllen<\/p>\n<p>Optimal in cooperation with our <a href=\"https:\/\/phoenix-enzymreiniger.com\/\">Phoenix Enzyme Cleaner<\/a> und dem <a href=\"https:\/\/phoenix-enzymreiniger.com\/produkt\/grauer-riese-schmutzradierer-3er-set\/\">Grauen Riesen<\/a>.<\/p>\n<p>If you have any further questions about the use of cleaning machines or aids, please do not hesitate to contact us.<\/p>\n<h3><span style=\"color: #0000ff;\">The Modele pressure sprayer adjustable brass nozzle:<\/span><\/h3>\n<div><b>Dema Pump Pressure Sprayer 1000 ml.<\/b><\/div>\n<div>Sturdy and extremely lightweight container made of polypropylene injection moulding<\/div>\n<div>Adjustable spray jet through brass<\/div>\n<div>Lockable spray switch<\/div>\n<div>Ergonomic pump and handle<\/div>\n<div>1 L<\/div>\n<div>Pump type: Piston pump<\/div>\n<div>\n<div><\/div>\n<\/div>\n<div><b>Rutland Pump Pressure Sprayer 1500 ml.<\/b><\/div>\n<div>Adjustable spray jet through brass<\/div>\n<div>Made from polyethylene<\/div>\n<div>Total height: 275 mm<\/div>\n<div>Volumen: 1500 ml<\/div>\n<div>Ergonomic pump and handle<\/div>\n<div>1,5 L<\/div>\n<div>Pump type: Piston pump<br \/>\nLockable spray switch<\/div>\n<div>\n<div><\/div>\n<\/div>\n<div><b>Tooland Pump Pressure Sprayer 1000 ml. <\/b><\/div>\n<div>Sturdy and extremely lightweight container made of polypropylene injection moulding<\/div>\n<div>Adjustable spray jet through brass<\/div>\n<div>Lockable spray switch<\/div>\n<div>Ergonomic pump and handle<\/div>\n<div>1 L<\/div>\n<div>Pump type: Piston pump<\/div>\n<p>&nbsp;<\/p>","protected":false},"excerpt":{"rendered":"<p style=\"text-align: center;\"><span style=\"color: #0000ff;\"><strong>All prices are already incl. insured parcel shipping.<\/strong><\/span><\/p>\n<p>Pressure sprayer adjustable brass nozzle, garden, irrigation, pest control. For the application of Phoenix Enzyme Cleaner<\/p>","protected":false},"featured_media":11308,"comment_status":"open","ping_status":"closed","template":"","meta":[],"product_brand":[],"product_cat":[102],"product_tag":[152,153,154,155],"class_list":{"0":"post-1081","1":"product","2":"type-product","3":"status-publish","4":"has-post-thumbnail","6":"product_cat-hilfsprodukte-phoenix","7":"product_tag-drucksprueher","8":"product_tag-handdrucksprueher","9":"product_tag-pumpsprueher","10":"product_tag-sprueher","11":"product_shipping_class-dhl-bis-2-kg","13":"first","14":"instock","15":"shipping-taxable","16":"purchasable","17":"product-type-simple"},"_links":{"self":[{"href":"https:\/\/phoenix-enzymreiniger.de\/en\/wp-json\/wp\/v2\/product\/1081","targetHints":{"allow":["GET"]}}],"collection":[{"href":"https:\/\/phoenix-enzymreiniger.de\/en\/wp-json\/wp\/v2\/product"}],"about":[{"href":"https:\/\/phoenix-enzymreiniger.de\/en\/wp-json\/wp\/v2\/types\/product"}],"replies":[{"embeddable":true,"href":"https:\/\/phoenix-enzymreiniger.de\/en\/wp-json\/wp\/v2\/comments?post=1081"}],"version-history":[{"count":2,"href":"https:\/\/phoenix-enzymreiniger.de\/en\/wp-json\/wp\/v2\/product\/1081\/revisions"}],"predecessor-version":[{"id":11309,"href":"https:\/\/phoenix-enzymreiniger.de\/en\/wp-json\/wp\/v2\/product\/1081\/revisions\/11309"}],"wp:featuredmedia":[{"embeddable":true,"href":"https:\/\/phoenix-enzymreiniger.de\/en\/wp-json\/wp\/v2\/media\/11308"}],"wp:attachment":[{"href":"https:\/\/phoenix-enzymreiniger.de\/en\/wp-json\/wp\/v2\/media?parent=1081"}],"wp:term":[{"taxonomy":"product_brand","embeddable":true,"href":"https:\/\/phoenix-enzymreiniger.de\/en\/wp-json\/wp\/v2\/product_brand?post=1081"},{"taxonomy":"product_cat","embeddable":true,"href":"https:\/\/phoenix-enzymreiniger.de\/en\/wp-json\/wp\/v2\/product_cat?post=1081"},{"taxonomy":"product_tag","embeddable":true,"href":"https:\/\/phoenix-enzymreiniger.de\/en\/wp-json\/wp\/v2\/product_tag?post=1081"}],"curies":[{"name":"wp","href":"https:\/\/api.w.org\/{rel}","templated":true}]}}