{"id":1259,"date":"2020-12-04T10:43:38","date_gmt":"2020-12-04T09:43:38","guid":{"rendered":"https:\/\/phoenix-enzymreiniger.com\/?post_type=product&#038;p=1259"},"modified":"2026-04-11T18:24:26","modified_gmt":"2026-04-11T16:24:26","slug":"desinfektions-reiniger-fuer-masken","status":"publish","type":"product","link":"https:\/\/phoenix-enzymreiniger.de\/en\/product\/desinfektions-reiniger-fuer-masken\/","title":{"rendered":"Disinfectant cleaner for masks"},"content":{"rendered":"<h1 style=\"text-align: center;\"><span style=\"color: #993300;\">Disinfectant cleaner for masks<\/span><\/h1>\n<p style=\"text-align: center;\">50ml disinfectant cleaner for masks Bottle with spray head | for approx. 100 disinfections | also suitable for fabric and paper masks!<br \/>\nIdeal for the handbag or trouser pocket. Safety always at hand. Very economical.<\/p>\n<div style=\"width: 800px;\" class=\"wp-video\"><video class=\"wp-video-shortcode\" id=\"video-1259-1\" width=\"800\" height=\"450\" preload=\"metadata\" controls=\"controls\"><source type=\"video\/mp4\" src=\"https:\/\/phoenix-enzymreiniger.com\/wp-content\/uploads\/2020\/12\/VID-20201209-WA0001.mp4?_=1\" \/><a href=\"https:\/\/phoenix-enzymreiniger.com\/wp-content\/uploads\/2020\/12\/VID-20201209-WA0001.mp4\">https:\/\/phoenix-enzymreiniger.com\/wp-content\/uploads\/2020\/12\/VID-20201209-WA0001.mp4<\/a><\/video><\/div>\n<p>&nbsp;<\/p>\n<p><span style=\"color: #993300;\"><strong>Made in Germany<\/strong>:<br \/>\n<\/span>all disinfectant cleaners for masks are REACH - compliant<br \/>\nthe disinfectant cleaners are registered as biocides<br \/>\nthe disinfectant cleaners are dermatologically tested, test result: \"very good\".<br \/>\nall cleaners are alcohol-free.<\/p>\n<p><strong><span style=\"color: #993300;\">The most important advantages:<\/span><\/strong><\/p>\n<ul>\n<li>Water-based, thus suitable for all types of masks, no hazardous material<\/li>\n<li>Increases the useful life of masks and thus saves money and protects the environment<\/li>\n<li>antimicrobial, acts against bacteria, enveloped viruses, fungal spores<\/li>\n<li>Long-term disinfection effective over several hours<\/li>\n<li>durch die enthaltenen nat\u00fcrlichen \u00d6le riechen die bespr\u00fchten Masken angenehm frisch<\/li>\n<li>in a handy spray bottle, suitable for almost any bag to take along<\/li>\n<li>Economical in use - long-lasting in effect<\/li>\n<\/ul>\n<p>As the various protective masks sit directly in front of the mouth and nose, liquids collect on the surface.<br \/>\nIf the masks are made of textiles or paper, the aerosols are absorbed from the breath until saturation occurs. Even filters in masks can only filter a limited amount of breath.<br \/>\nThe germs contained in the aerosols\/breathing air multiply rapidly in the warm, humid climate, or can survive over a longer period of time.<\/p>\n<p>For this reason, masks should be thoroughly cleaned and disinfected with our disinfectant cleaner for masks (or changed several times a day).<br \/>\nThe disinfectant cleaners are certified, registered disinfectant cleaners with a long-term effect. The <a href=\"https:\/\/de.wikipedia.org\/wiki\/Remanenzwirkung\">Remanence effect<\/a> goes up to 4 hours, not just a momentary disinfection.<\/p>\n<h4 style=\"text-align: center;\"><span style=\"color: #993300;\">Application: Spray on, rub in, leave to act\/dry - done.<\/span><\/h4>","protected":false},"excerpt":{"rendered":"<p>50ml disinfectant cleaner for masks Bottle with spray head | for approx. 100 disinfections | also suitable for fabric and paper masks!<\/p>","protected":false},"featured_media":2925,"comment_status":"open","ping_status":"closed","template":"","meta":[],"product_brand":[],"product_cat":[184],"product_tag":[],"class_list":{"0":"post-1259","1":"product","2":"type-product","3":"status-publish","4":"has-post-thumbnail","6":"product_cat-global-prefer","7":"product_shipping_class-postversand-grossbrief","9":"first","10":"instock","11":"purchasable","12":"product-type-variable"},"_links":{"self":[{"href":"https:\/\/phoenix-enzymreiniger.de\/en\/wp-json\/wp\/v2\/product\/1259","targetHints":{"allow":["GET"]}}],"collection":[{"href":"https:\/\/phoenix-enzymreiniger.de\/en\/wp-json\/wp\/v2\/product"}],"about":[{"href":"https:\/\/phoenix-enzymreiniger.de\/en\/wp-json\/wp\/v2\/types\/product"}],"replies":[{"embeddable":true,"href":"https:\/\/phoenix-enzymreiniger.de\/en\/wp-json\/wp\/v2\/comments?post=1259"}],"version-history":[{"count":1,"href":"https:\/\/phoenix-enzymreiniger.de\/en\/wp-json\/wp\/v2\/product\/1259\/revisions"}],"predecessor-version":[{"id":10101,"href":"https:\/\/phoenix-enzymreiniger.de\/en\/wp-json\/wp\/v2\/product\/1259\/revisions\/10101"}],"wp:featuredmedia":[{"embeddable":true,"href":"https:\/\/phoenix-enzymreiniger.de\/en\/wp-json\/wp\/v2\/media\/2925"}],"wp:attachment":[{"href":"https:\/\/phoenix-enzymreiniger.de\/en\/wp-json\/wp\/v2\/media?parent=1259"}],"wp:term":[{"taxonomy":"product_brand","embeddable":true,"href":"https:\/\/phoenix-enzymreiniger.de\/en\/wp-json\/wp\/v2\/product_brand?post=1259"},{"taxonomy":"product_cat","embeddable":true,"href":"https:\/\/phoenix-enzymreiniger.de\/en\/wp-json\/wp\/v2\/product_cat?post=1259"},{"taxonomy":"product_tag","embeddable":true,"href":"https:\/\/phoenix-enzymreiniger.de\/en\/wp-json\/wp\/v2\/product_tag?post=1259"}],"curies":[{"name":"wp","href":"https:\/\/api.w.org\/{rel}","templated":true}]}}