{"id":1297,"date":"2020-12-09T15:01:58","date_gmt":"2020-12-09T14:01:58","guid":{"rendered":"https:\/\/phoenix-enzymreiniger.com\/?post_type=product&#038;p=1297"},"modified":"2026-04-11T18:24:20","modified_gmt":"2026-04-11T16:24:20","slug":"pfotenpflege-pfoten-pflege-hund","status":"publish","type":"product","link":"https:\/\/phoenix-enzymreiniger.de\/en\/product\/pfotenpflege-pfoten-pflege-hund\/","title":{"rendered":"Pfotenpflege-Pfoten Pflege Hund 50 gr."},"content":{"rendered":"<h1 style=\"text-align: center;\"><span style=\"color: #ff6600;\"><b>Pfotenpflege-Pfoten Pflege Hund (50 gr.)<\/b><\/span><\/h1>\n<p>Pfotenpflege-Pfoten Pflege Hund &#8211; Ihr Hund wird Sie noch mehr lieben. Sie kennen das, wenn Ihr Hund im Winter nicht mehr weiterlaufen m\u00f6chte, da ihm seine Pfoten weh tun? Oder ihr Hund f\u00e4ngt an besonders hei\u00dfen Tagen pl\u00f6tzlich an auf der Stelle zu tanzen? Das liegt daran, dass die Pfoten Ihres Hundes kleine Risse haben und empfindlich auf den Untergrund reagieren. Diese Risse entstehen durch zu trockene Hundeballen. Im Grunde \u00e4hnlich wie bei uns Menschen. Das Salz, das im Winter auf den Stra\u00dfen liegt, entzieht den Pfoten das Fett und die Feuchtigkeit. Zudem ist es \u00e4u\u00dferst schmerzhaft f\u00fcr den Hund, wenn das Salz in die offenen kleinen Risse in den Pfoten eindringt. Im Sommer ist es nat\u00fcrlich der extrem hei\u00dfe Asphalt. Darum ist es wichtig, die Pfoten Ihres Tieres regelm\u00e4\u00dfig richtig mit Pfotenpflege-Pfoten Pflege Hund zu pflegen.<\/p>\n<p>Pfotenpflege-Pfoten Pflege Hund ist besonders sanft durch rein nat\u00fcrliche Bestandteile auch besonders effektiv und sehr sparsam in der Anwendung.<\/p>\n<p>Unsere Pfotenpflege ist ein speziell auf die Bed\u00fcrfnisse von Hundepfoten abgestimmtes Pflegeprodukt. Durch die innovative und schonende Verarbeitung der Inhaltsstoffe wirkt die Pfoten Pflege sanft und zugleich antimikrobiell und -bakteriell. Das h\u00e4lt die Pfoten geschmeidig und gesund.<br \/>\nBeugt Verletzungen und Entz\u00fcndungen der Hundeballen vor &#8211; bei allen Hunderassen. Bei entz\u00fcndlicher Hundepfote wird die Regeneration der Hundeballen unterst\u00fctzt und der Juckreiz sofort gelindert. Pfotenpflege ist r\u00fcckfettend und pflegend.<\/p>\n<h4><span style=\"color: #0000ff;\">For maintenance cleaning or care around animal husbandry we recommend<\/span>: <a href=\"https:\/\/phoenix-enzymreiniger.com\/produkt\/phoenix-hund-katze-maus-geruchsentferner\/\">Phoenix Enzyme Cleaner<\/a><\/h4>\n<p>&nbsp;<\/p>","protected":false},"excerpt":{"rendered":"<p>ARAN-YA paw care for the care of stressed dog paws or for prevention. ARAN-YA Paw Care is particularly gentle due to its purely natural ingredients and is also particularly effective and very economical to use.<\/p>","protected":false},"featured_media":1299,"comment_status":"open","ping_status":"closed","template":"","meta":[],"product_brand":[421],"product_cat":[467,468],"product_tag":[209,210,211,212],"class_list":{"0":"post-1297","1":"product","2":"type-product","3":"status-publish","4":"has-post-thumbnail","6":"product_brand-aran-ya","7":"product_cat-tierpflegeprodukte-unserer-partnerserie","8":"product_cat-aran-ya-tierpflegeprodukte-hund","9":"product_tag-pfoetenpflege","10":"product_tag-hundepfoten","11":"product_tag-pfotenschutz","12":"product_tag-pfotenpflege","13":"product_shipping_class-dhl-bis-2-kg","15":"first","16":"instock","17":"purchasable","18":"product-type-simple"},"_links":{"self":[{"href":"https:\/\/phoenix-enzymreiniger.de\/en\/wp-json\/wp\/v2\/product\/1297","targetHints":{"allow":["GET"]}}],"collection":[{"href":"https:\/\/phoenix-enzymreiniger.de\/en\/wp-json\/wp\/v2\/product"}],"about":[{"href":"https:\/\/phoenix-enzymreiniger.de\/en\/wp-json\/wp\/v2\/types\/product"}],"replies":[{"embeddable":true,"href":"https:\/\/phoenix-enzymreiniger.de\/en\/wp-json\/wp\/v2\/comments?post=1297"}],"version-history":[{"count":1,"href":"https:\/\/phoenix-enzymreiniger.de\/en\/wp-json\/wp\/v2\/product\/1297\/revisions"}],"predecessor-version":[{"id":10100,"href":"https:\/\/phoenix-enzymreiniger.de\/en\/wp-json\/wp\/v2\/product\/1297\/revisions\/10100"}],"wp:featuredmedia":[{"embeddable":true,"href":"https:\/\/phoenix-enzymreiniger.de\/en\/wp-json\/wp\/v2\/media\/1299"}],"wp:attachment":[{"href":"https:\/\/phoenix-enzymreiniger.de\/en\/wp-json\/wp\/v2\/media?parent=1297"}],"wp:term":[{"taxonomy":"product_brand","embeddable":true,"href":"https:\/\/phoenix-enzymreiniger.de\/en\/wp-json\/wp\/v2\/product_brand?post=1297"},{"taxonomy":"product_cat","embeddable":true,"href":"https:\/\/phoenix-enzymreiniger.de\/en\/wp-json\/wp\/v2\/product_cat?post=1297"},{"taxonomy":"product_tag","embeddable":true,"href":"https:\/\/phoenix-enzymreiniger.de\/en\/wp-json\/wp\/v2\/product_tag?post=1297"}],"curies":[{"name":"wp","href":"https:\/\/api.w.org\/{rel}","templated":true}]}}