{"id":1326,"date":"2020-12-10T14:08:22","date_gmt":"2020-12-10T13:08:22","guid":{"rendered":"https:\/\/phoenix-enzymreiniger.com\/?post_type=product&#038;p=1326"},"modified":"2026-04-11T18:25:02","modified_gmt":"2026-04-11T16:25:02","slug":"ekzempflege-hund","status":"publish","type":"product","link":"https:\/\/phoenix-enzymreiniger.de\/en\/product\/ekzempflege-hund\/","title":{"rendered":"Ekzempflege Hund"},"content":{"rendered":"<h1 style=\"text-align: center;\"><span style=\"color: #ff6600;\">Ekzempflege Hund<\/span><\/h1>\n<p>Ekzeme beim Hund k\u00f6nnen viele verschiedene Ursachen haben. Diese gehen von einer Organschw\u00e4che bis hin zu Unvertr\u00e4glichkeiten, Parasiten oder allergischen Reaktionen. Hier sollten Sie auch ggf. einen Tierarzt aufsuchen. Sie k\u00f6nnen vielleicht nicht die Ursache, aber das Ekzem mit Ekzempflege Hund \u00a0bek\u00e4mpfen.<\/p>\n<p>Eczema Care is a very effective product for the treatment of eczema on the dog's skin. It supports the regeneration of the skin. The affected area recovers quickly and a new infestation is hardly to be expected.<\/p>\n<p>Ekzempflege Hund lindert den Juckreiz und verhindert somit, dass der Hund das Bed\u00fcrfnis hat sich an den betroffenen Stellen zu scheuern, zu kratzen oder zu lecken. Ihr Hund wird deutlich ruhiger und ist dadurch weniger gestresst.<\/p>\n<p>Durch das CSS (Controlled Supply System) werden die Wirkstoffe kontinuierlich und \u00fcber einen langen Zeitraum abgegeben. Dadurch k\u00f6nnen Sie das Produkt sehr sparsam anwenden und haben dennoch den optimalen Schutz und die optimale Pflege f\u00fcr Ihren Hund.<\/p>\n<p>Our product is free of antibiotics and cortisone. The itching is stopped and no oily residues remain.<\/p>\n<h3><span style=\"color: #ff6600;\">Things to know about eczema:<\/span><\/h3>\n<p>A <a href=\"https:\/\/de.wikipedia.org\/wiki\/Ekzem\">Ekzema<\/a>\u00a0 can usually be recognised relatively easily on the basis of the skin changes. Eczema, for example, can be recognised by reddening of the skin. Small \"hills\" can also form, the so-called papules. The eczema can cause the hair to fall out on the respective skin area. Blisters may also appear. Eczema is often associated with severe itching. The animals scratch, rub, lick and nibble the affected area particularly often. The itching and increased scratching can cause the eczema to become further inflamed. Weeping spots and open sores can develop. Basically, eczema can occur on the whole body of an animal.<\/p>\n<h4><span style=\"color: #0000ff;\">For maintenance cleaning or care around animal husbandry we recommend<\/span>: <a href=\"https:\/\/phoenix-enzymreiniger.com\/produkt\/phoenix-hund-katze-maus-geruchsentferner\/\">Phoenix Enzyme Cleaner<\/a><\/h4>\n<p><span style=\"color: #ccffff;\">Ekzem Hund, Leckekzem Hund, Zwischenzehenekzem Hund, Hund Ekzem, Ekzem Beim Hund, Hautekzem Hund, Leckekzem Hund Behandlung, Hund Leckekzem, Hund Ekzem Pfote, Ekzem Hund Pfote,<\/span><\/p>","protected":false},"excerpt":{"rendered":"<p>Eczema Care Dog by ARAN-YA for the treatment of eczema on the dog's skin.<\/p>","protected":false},"featured_media":3349,"comment_status":"open","ping_status":"closed","template":"","meta":[],"product_brand":[421],"product_cat":[467,468],"product_tag":[],"class_list":{"0":"post-1326","1":"product","2":"type-product","3":"status-publish","4":"has-post-thumbnail","6":"product_brand-aran-ya","7":"product_cat-tierpflegeprodukte-unserer-partnerserie","8":"product_cat-aran-ya-tierpflegeprodukte-hund","9":"product_shipping_class-dhl-bis-2-kg","11":"first","12":"instock","13":"purchasable","14":"product-type-variable","15":"has-default-attributes"},"_links":{"self":[{"href":"https:\/\/phoenix-enzymreiniger.de\/en\/wp-json\/wp\/v2\/product\/1326","targetHints":{"allow":["GET"]}}],"collection":[{"href":"https:\/\/phoenix-enzymreiniger.de\/en\/wp-json\/wp\/v2\/product"}],"about":[{"href":"https:\/\/phoenix-enzymreiniger.de\/en\/wp-json\/wp\/v2\/types\/product"}],"replies":[{"embeddable":true,"href":"https:\/\/phoenix-enzymreiniger.de\/en\/wp-json\/wp\/v2\/comments?post=1326"}],"version-history":[{"count":1,"href":"https:\/\/phoenix-enzymreiniger.de\/en\/wp-json\/wp\/v2\/product\/1326\/revisions"}],"predecessor-version":[{"id":10098,"href":"https:\/\/phoenix-enzymreiniger.de\/en\/wp-json\/wp\/v2\/product\/1326\/revisions\/10098"}],"wp:featuredmedia":[{"embeddable":true,"href":"https:\/\/phoenix-enzymreiniger.de\/en\/wp-json\/wp\/v2\/media\/3349"}],"wp:attachment":[{"href":"https:\/\/phoenix-enzymreiniger.de\/en\/wp-json\/wp\/v2\/media?parent=1326"}],"wp:term":[{"taxonomy":"product_brand","embeddable":true,"href":"https:\/\/phoenix-enzymreiniger.de\/en\/wp-json\/wp\/v2\/product_brand?post=1326"},{"taxonomy":"product_cat","embeddable":true,"href":"https:\/\/phoenix-enzymreiniger.de\/en\/wp-json\/wp\/v2\/product_cat?post=1326"},{"taxonomy":"product_tag","embeddable":true,"href":"https:\/\/phoenix-enzymreiniger.de\/en\/wp-json\/wp\/v2\/product_tag?post=1326"}],"curies":[{"name":"wp","href":"https:\/\/api.w.org\/{rel}","templated":true}]}}