{"id":1340,"date":"2020-12-11T10:50:42","date_gmt":"2020-12-11T09:50:42","guid":{"rendered":"https:\/\/phoenix-enzymreiniger.com\/?post_type=product&#038;p=1340"},"modified":"2026-04-11T18:25:01","modified_gmt":"2026-04-11T16:25:01","slug":"spezial-hundeshampoo-juckreiz","status":"publish","type":"product","link":"https:\/\/phoenix-enzymreiniger.de\/en\/product\/spezial-hundeshampoo-juckreiz\/","title":{"rendered":"Spezial Hundeshampoo Juckreiz"},"content":{"rendered":"<h1 style=\"text-align: center;\"><span style=\"color: #0000ff;\">Spezial Hundeshampoo Juckreiz<\/span><\/h1>\n<p>Does your dog suffer from <a href=\"https:\/\/de.wikipedia.org\/wiki\/Atopisches_Ekzem\">Neurodermitis<\/a> oder Parasit\u00e4rem Befall? Dann sollten Sie sofort handeln! Denn jetzt ist es besonders wichtig Ihrem Hund mit unserem Spezial Hundeshampoo den Juckreiz zu nehmen, damit er sich nicht noch zus\u00e4tzlich verletzt und eine Entz\u00fcndung entsteht. Das Shampoo wird Ihrem Hund den l\u00e4stigen Juckreiz nehmen und das Fell\/die Haut wird aufgrund unserer wertvollen \u00d6le und Pflanzenextrakte optimal mit Feuchtigkeit versorgt. Unser Hundeshampoo Fell- und Hautpflege Juckfrei unterst\u00fctzt und beschleunigt die Behandlung bei Juckreiz durch Allergien, Milben-, Floh- oder Pilzbefall.<\/p>\n<p>Unser\u00a0 Spezial Hundeshampoo Juckreiz reinigt die Haut und l\u00f6st schonend Milbeneier, Milbenlarven und Pilzsporen nachhaltig von der Haut. Die Haut kann sich jetzt beruhigen und ist optimal mit Feuchtigkeit versorgt, der Juckreiz gelindert und das Fell gepflegt. Somit ist die wichtige Hautbarrierefunktion wiederhergestellt.<\/p>\n<p>Itching is also not conducive to the demands we often place on our animals in the area of sport or life assistance, because concentration and performance inevitably decrease with itching. Permanent itching can also lead to a change in character and should be neutralised immediately.<\/p>\n<p>Spezial Hundeshampoo Juckreiz pflegt die empfindliche Hundehaut nachhaltig. Infolgedessen wird die Haut geschmeidig und bewahrt sie vor dem Austrocknen. Die nat\u00fcrliche Elastizit\u00e4t und S\u00e4ureschutzbarriere der Hundehaut bleibt erhalten.<\/p>\n<p>Enth\u00e4lt r\u00fcckfettende Waschsubstanzen, das verhindert oder mindert Schuppenbildung.<\/p>\n<h4><span style=\"color: #0000ff;\">For maintenance cleaning or care around animal husbandry we recommend<\/span>: <a href=\"https:\/\/phoenix-enzymreiniger.com\/produkt\/phoenix-hund-katze-maus-geruchsentferner\/\">Phoenix Enzyme Cleaner<\/a><\/h4>\n<p>&nbsp;<\/p>","protected":false},"excerpt":{"rendered":"<p>ARAN-YA Fur and Skin Care Itch Free supports and accelerates the treatment of itching caused by allergies, mite, flea or fungal infestations.<\/p>","protected":false},"featured_media":3310,"comment_status":"open","ping_status":"closed","template":"","meta":[],"product_brand":[421],"product_cat":[467,468],"product_tag":[205,206,207,208],"class_list":{"0":"post-1340","1":"product","2":"type-product","3":"status-publish","4":"has-post-thumbnail","6":"product_brand-aran-ya","7":"product_cat-tierpflegeprodukte-unserer-partnerserie","8":"product_cat-aran-ya-tierpflegeprodukte-hund","9":"product_tag-hundeshampoo","10":"product_tag-juckreiz-hund","11":"product_tag-fellpflege","12":"product_tag-hundewaschlotion","13":"product_shipping_class-dhl-bis-2-kg","15":"first","16":"instock","17":"purchasable","18":"product-type-variable","19":"has-default-attributes"},"_links":{"self":[{"href":"https:\/\/phoenix-enzymreiniger.de\/en\/wp-json\/wp\/v2\/product\/1340","targetHints":{"allow":["GET"]}}],"collection":[{"href":"https:\/\/phoenix-enzymreiniger.de\/en\/wp-json\/wp\/v2\/product"}],"about":[{"href":"https:\/\/phoenix-enzymreiniger.de\/en\/wp-json\/wp\/v2\/types\/product"}],"replies":[{"embeddable":true,"href":"https:\/\/phoenix-enzymreiniger.de\/en\/wp-json\/wp\/v2\/comments?post=1340"}],"version-history":[{"count":1,"href":"https:\/\/phoenix-enzymreiniger.de\/en\/wp-json\/wp\/v2\/product\/1340\/revisions"}],"predecessor-version":[{"id":10097,"href":"https:\/\/phoenix-enzymreiniger.de\/en\/wp-json\/wp\/v2\/product\/1340\/revisions\/10097"}],"wp:featuredmedia":[{"embeddable":true,"href":"https:\/\/phoenix-enzymreiniger.de\/en\/wp-json\/wp\/v2\/media\/3310"}],"wp:attachment":[{"href":"https:\/\/phoenix-enzymreiniger.de\/en\/wp-json\/wp\/v2\/media?parent=1340"}],"wp:term":[{"taxonomy":"product_brand","embeddable":true,"href":"https:\/\/phoenix-enzymreiniger.de\/en\/wp-json\/wp\/v2\/product_brand?post=1340"},{"taxonomy":"product_cat","embeddable":true,"href":"https:\/\/phoenix-enzymreiniger.de\/en\/wp-json\/wp\/v2\/product_cat?post=1340"},{"taxonomy":"product_tag","embeddable":true,"href":"https:\/\/phoenix-enzymreiniger.de\/en\/wp-json\/wp\/v2\/product_tag?post=1340"}],"curies":[{"name":"wp","href":"https:\/\/api.w.org\/{rel}","templated":true}]}}