{"id":1349,"date":"2020-12-11T14:21:44","date_gmt":"2020-12-11T13:21:44","guid":{"rendered":"https:\/\/phoenix-enzymreiniger.com\/?post_type=product&#038;p=1349"},"modified":"2026-04-11T18:25:01","modified_gmt":"2026-04-11T16:25:01","slug":"floh-zecken-schutz-hund","status":"publish","type":"product","link":"https:\/\/phoenix-enzymreiniger.de\/en\/product\/floh-zecken-schutz-hund\/","title":{"rendered":"Floh Zecken Schutz Hund"},"content":{"rendered":"<h1 style=\"text-align: center;\"><span style=\"color: #ff6600;\">Floh Zecken Schutz Hund<br \/>\nOhne Nervengifte!<\/span><\/h1>\n<p>Unfortunately, it happens again and again that your dog comes home with uninvited guests after a nice walk. An infestation of blood-sucking insects\/parasites on the skin such as fleas, ticks and mosquitoes are not only very unpleasant for dogs, horses and humans, these little animals are above all a health hazard. Some of the annoying insects\/parasites are active all year round, others only seasonally.<br \/>\nVor Angriffen k\u00f6nnen Sie sich mit Floh Zecken Schutz Hund (Flea and Tick away) jederzeit sch\u00fctzen. Die Inhaltsstoffe von Floh Zecken Schutz Hund (Flea and Tick away) sind rein nat\u00fcrlich in Bio Qualit\u00e4t und v\u00f6llig unbedenklich f\u00fcr Mensch und Haustier.<\/p>\n<p>Here you need to know:<br \/>\nA <a href=\"https:\/\/de.wikipedia.org\/wiki\/Hundefloh\">Hundefloh<\/a> auf Ihrem Tier ist nur die Spitze des Eisberges. Denn auf diesen einen erwachsenen Floh kommen in etwa 100 weitere Eier und Larvenstadien, die nur durch eine Anwendung \u00fcber einen l\u00e4ngeren Zeitraum beseitigt werden! Das bedeutet f\u00fcr Sie, auch nach erfolgreicher Erstanwendung, bitte immer wieder kontrollieren und auch eine pr\u00e4ventive Anwendung durchf\u00fchren. Das hilft Ihrem Tier und somit auch Ihnen.<\/p>\n<p>Durch die Anwendung mit unserem Floh und Zecken Schutz machen Sie sich und Ihre Tiere uninteressant f\u00fcr Fl\u00f6he, Zecken und Co f\u00fcr ein entspanntes zusammenleben.<\/p>\n<ul>\n<li><strong>Wirkt zuverl\u00e4ssig:<\/strong><br \/>\nZecken, Fl\u00f6he und Haarlinge werden wirksam bek\u00e4mpft.<\/li>\n<li><strong>Wirkt sch\u00fctzend:<\/strong><br \/>\nDie Wirkung tritt ein, wenn der Parasit die Haut ber\u00fchrt \u2013<br \/>\nso muss es nicht erst zum Stich kommen<\/li>\n<li><strong>Wirkt vertr\u00e4glich:<\/strong><br \/>\nDer Wirkstoff wird nur \u00e4u\u00dferlich auf der Haut aufgetragen.<\/li>\n<\/ul>\n<ul>\n<li>for all dog breeds<\/li>\n<li>Highly effective and extremely compatible, as it consists of purely natural oils<\/li>\n<li>Keeps ticks, fleas, mites and hair lice away from your dog<\/li>\n<li>Very easy to use thanks to the pointed head<\/li>\n<li>Has a repellent effect (\"driving away\", \"repulsing\") and thus reliably protects against renewed infestation<\/li>\n<li>Suitable for year-round use<\/li>\n<li>Suitable for puppies<\/li>\n<li>Made in Germany<\/li>\n<\/ul>\n<h4><span style=\"color: #0000ff;\">For maintenance cleaning or care around animal husbandry we recommend<\/span>: <a href=\"https:\/\/phoenix-enzymreiniger.com\/produkt\/phoenix-hund-katze-maus-geruchsentferner\/\">Phoenix Enzyme Cleaner<\/a><\/h4>\n<p><span style=\"color: #ccffff;\">Flohmittel, Spoton, Hundefloh Mittel, Flohmittel Hund, Mittel Gegen Fl\u00f6he Hund, Flohmittel F\u00fcr Hunde, Gegen Hundefl\u00f6he, Flohmittel Hunde, Zecken Und Flohmittel Hund, Zeckenmittel, Mittel Gegen Zecken, Zeckenmittel Hund, Zeckenschutz Hund, Zeckenmittel F\u00fcr Hunde, Bestes Mittel Gegen Fl\u00f6he Und Zecken Bei Hunden, Zeckenmittel Hund, Mittel Gegen Zecken, Zeckenschutz Hund, Zeckenschutz F\u00fcr Hunde, Floh Und Zeckenschutz Hund,<\/span><\/p>","protected":false},"excerpt":{"rendered":"<p>Floh Zecken Schutz Hund macht Sie und Ihre Tiere uninteressant f\u00fcr Fl\u00f6he, Zecken und Co. Pr\u00e4ventiv f\u00fcr mehr Gesundheit.<\/p>","protected":false},"featured_media":3279,"comment_status":"open","ping_status":"closed","template":"","meta":[],"product_brand":[421],"product_cat":[185],"product_tag":[],"class_list":{"0":"post-1349","1":"product","2":"type-product","3":"status-publish","4":"has-post-thumbnail","6":"product_brand-aran-ya","7":"product_cat-phoenix-enzymreiniger","8":"product_shipping_class-dhl-bis-2-kg","10":"first","11":"instock","12":"purchasable","13":"product-type-variable","14":"has-default-attributes"},"_links":{"self":[{"href":"https:\/\/phoenix-enzymreiniger.de\/en\/wp-json\/wp\/v2\/product\/1349","targetHints":{"allow":["GET"]}}],"collection":[{"href":"https:\/\/phoenix-enzymreiniger.de\/en\/wp-json\/wp\/v2\/product"}],"about":[{"href":"https:\/\/phoenix-enzymreiniger.de\/en\/wp-json\/wp\/v2\/types\/product"}],"replies":[{"embeddable":true,"href":"https:\/\/phoenix-enzymreiniger.de\/en\/wp-json\/wp\/v2\/comments?post=1349"}],"version-history":[{"count":1,"href":"https:\/\/phoenix-enzymreiniger.de\/en\/wp-json\/wp\/v2\/product\/1349\/revisions"}],"predecessor-version":[{"id":10096,"href":"https:\/\/phoenix-enzymreiniger.de\/en\/wp-json\/wp\/v2\/product\/1349\/revisions\/10096"}],"wp:featuredmedia":[{"embeddable":true,"href":"https:\/\/phoenix-enzymreiniger.de\/en\/wp-json\/wp\/v2\/media\/3279"}],"wp:attachment":[{"href":"https:\/\/phoenix-enzymreiniger.de\/en\/wp-json\/wp\/v2\/media?parent=1349"}],"wp:term":[{"taxonomy":"product_brand","embeddable":true,"href":"https:\/\/phoenix-enzymreiniger.de\/en\/wp-json\/wp\/v2\/product_brand?post=1349"},{"taxonomy":"product_cat","embeddable":true,"href":"https:\/\/phoenix-enzymreiniger.de\/en\/wp-json\/wp\/v2\/product_cat?post=1349"},{"taxonomy":"product_tag","embeddable":true,"href":"https:\/\/phoenix-enzymreiniger.de\/en\/wp-json\/wp\/v2\/product_tag?post=1349"}],"curies":[{"name":"wp","href":"https:\/\/api.w.org\/{rel}","templated":true}]}}