{"id":1357,"date":"2020-12-12T11:39:05","date_gmt":"2020-12-12T10:39:05","guid":{"rendered":"https:\/\/phoenix-enzymreiniger.com\/?post_type=product&#038;p=1357"},"modified":"2026-04-11T18:24:21","modified_gmt":"2026-04-11T16:24:21","slug":"schorfsalbe-hund-haustier","status":"publish","type":"product","link":"https:\/\/phoenix-enzymreiniger.de\/en\/product\/schorfsalbe-hund-haustier\/","title":{"rendered":"Schorfsalbe Hund Haustier 100gr."},"content":{"rendered":"<h1 style=\"text-align: center;\"><span style=\"color: #ff9900;\"><strong>Schorfsalbe Hund Haustier (100g)<\/strong><\/span><\/h1>\n<p>Schorfsalbe Hund Haustier geh\u00f6rt einfach in jeden Haushalt in dem Haus-Freizeit-oder Nutztiere leben. Es gibt viele Arten wie sich Ihr Hund Katze Maus verletzen kann. Ob von einem anderen Hund Katze Maus gebissen oder durch ein Ekzem, dass durch den Biss der Kriebelm\u00fccke oder Gnitze entstanden ist, u.v.m. In vielen F\u00e4llen regeneriert sich die Haut nur sehr langsam, wenn \u00fcberhaupt. Das liegt oftmals daran, dass die Verletzung bei der Wundheilung juckt oder sogar entz\u00fcndet ist. Ihr Hund Katze Maus empfindet dies als unangenehm und schubbert, bei\u00dft und kratzt sich immer wieder die Kruste auf.<\/p>\n<p>The ointment helps to regenerate the wound\/skin. It takes away the itching and gently loosens the scab and the encrustations that have formed. In addition, the ointment takes away the inflammation. This clearly supports the regeneration of the wound and the injury subsides or the inflammation that has developed recedes and cell regeneration is stimulated. The coat begins to grow again.<\/p>\n<p>Die Schorfsalbe Hund Haustier wirkt desinfizierend und vermindert dadurch das Eindringen von Bakterien. Die Wirkstoffe in der Schorfsalbe sind in ein Langzeitdepot eingebunden. Durch das bew\u00e4hrte CSS (Controlled Supply System) werden die hochwertigen Substanzen und Wirkstoffe kontinuierlich, langsam und gleichm\u00e4\u00dfig abgegeben. Ein optimales Ergebnis erhalten Sie, wenn Sie unsere <a href=\"https:\/\/phoenix-enzymreiniger.com\/de_de\/phoenix-enzymreiniger-shop\/unkategorisiert\/ekzempflege-hund-aran-ya\/\">\u00a0Eczema care<\/a> Hund Katze Maus im Wechsel mit der Schorfsalbe anwenden. Bitte verwenden Sie unsere Schorfsalbe bei Schorf, Wunden, Schrunden, Schnitten, Vernarbungen, Insektenstichen&#8230;&#8230;<\/p>\n<p>Bei Schrunden handelt es sich um Einrisse in der Haut, die Beschwerden wie Jucken, Brennen oder Schmerzen verursachen k\u00f6nnen. Auch Krankheitserreger k\u00f6nnen \u00fcber diese Wunden in die Haut eindringen und eine Entz\u00fcndung verursachen. Der medizinische Ausdruck f\u00fcr Schrunden ist \u201eRhagaden\u201c.<br \/>\nUnterst\u00fctzen Sie mit unserer Schorfsalbe Pferd Haustier den nat\u00fcrlichen Heilprozess ohne unn\u00f6tige chemische Belastung.<\/p>\n<p>&nbsp;<\/p>\n<p><strong>For maintenance cleaning or care around animal husbandry we recommend<\/strong><strong>: <a href=\"https:\/\/phoenix-enzymreiniger.com\/produkt\/phoenix-hund-katze-maus-geruchsentferner\/\">Phoenix Enzyme Cleaner<\/a><\/strong><\/p>\n<p><span style=\"color: #ccffff;\">Wundschorf, <a style=\"color: #ccffff;\" href=\"https:\/\/de.wikipedia.org\/wiki\/Exsudat_(Medizin)\">Schorf<\/a>, Schorf Hund, Wundheilung Hund, Hund Schorf, Hundeschorf, Schorfsalbe, Wundsalbe Hund,<\/span><\/p>","protected":false},"excerpt":{"rendered":"<p>Schorfsalbe Hund Haustier Katze Maus hilft bei der Regeneration von Wunden. Unterbindet sofort l\u00e4stigen Juckreiz ohne Chemie.<\/p>","protected":false},"featured_media":5153,"comment_status":"open","ping_status":"closed","template":"","meta":[],"product_brand":[421],"product_cat":[467,468],"product_tag":[],"class_list":{"0":"post-1357","1":"product","2":"type-product","3":"status-publish","4":"has-post-thumbnail","6":"product_brand-aran-ya","7":"product_cat-tierpflegeprodukte-unserer-partnerserie","8":"product_cat-aran-ya-tierpflegeprodukte-hund","9":"product_shipping_class-dhl-warenpost","11":"first","12":"instock","13":"purchasable","14":"product-type-simple"},"_links":{"self":[{"href":"https:\/\/phoenix-enzymreiniger.de\/en\/wp-json\/wp\/v2\/product\/1357","targetHints":{"allow":["GET"]}}],"collection":[{"href":"https:\/\/phoenix-enzymreiniger.de\/en\/wp-json\/wp\/v2\/product"}],"about":[{"href":"https:\/\/phoenix-enzymreiniger.de\/en\/wp-json\/wp\/v2\/types\/product"}],"replies":[{"embeddable":true,"href":"https:\/\/phoenix-enzymreiniger.de\/en\/wp-json\/wp\/v2\/comments?post=1357"}],"version-history":[{"count":1,"href":"https:\/\/phoenix-enzymreiniger.de\/en\/wp-json\/wp\/v2\/product\/1357\/revisions"}],"predecessor-version":[{"id":10095,"href":"https:\/\/phoenix-enzymreiniger.de\/en\/wp-json\/wp\/v2\/product\/1357\/revisions\/10095"}],"wp:featuredmedia":[{"embeddable":true,"href":"https:\/\/phoenix-enzymreiniger.de\/en\/wp-json\/wp\/v2\/media\/5153"}],"wp:attachment":[{"href":"https:\/\/phoenix-enzymreiniger.de\/en\/wp-json\/wp\/v2\/media?parent=1357"}],"wp:term":[{"taxonomy":"product_brand","embeddable":true,"href":"https:\/\/phoenix-enzymreiniger.de\/en\/wp-json\/wp\/v2\/product_brand?post=1357"},{"taxonomy":"product_cat","embeddable":true,"href":"https:\/\/phoenix-enzymreiniger.de\/en\/wp-json\/wp\/v2\/product_cat?post=1357"},{"taxonomy":"product_tag","embeddable":true,"href":"https:\/\/phoenix-enzymreiniger.de\/en\/wp-json\/wp\/v2\/product_tag?post=1357"}],"curies":[{"name":"wp","href":"https:\/\/api.w.org\/{rel}","templated":true}]}}