{"id":1373,"date":"2020-12-12T21:17:42","date_gmt":"2020-12-12T20:17:42","guid":{"rendered":"https:\/\/phoenix-enzymreiniger.com\/?post_type=product&#038;p=1373"},"modified":"2026-04-11T18:25:01","modified_gmt":"2026-04-11T16:25:01","slug":"anti-pilz-milbe-fuer-pferde","status":"publish","type":"product","link":"https:\/\/phoenix-enzymreiniger.de\/en\/product\/anti-pilz-milbe-fuer-pferde\/","title":{"rendered":"Anti Pilz Milbe f\u00fcr Pferde"},"content":{"rendered":"<h1 style=\"text-align: center;\"><span style=\"color: #ff6600;\">Anti Pilz Milbe f\u00fcr Pferde<\/span><\/h1>\n<p>Anti Pilz Milbe f\u00fcr Pferde geh\u00f6rt zur Grundausstattung jedes Pferdehalters. Denn parasit\u00e4rer Befall ist eine \u00e4u\u00dferst unangenehme Geschichte f\u00fcr Ihr Pferd. Diese kleinen Spinnen\u00e4hnlichen Tiere nisten sich in die Haut Ihres Pferdes und vermehren sich dort. Durch die Ausscheidungen k\u00f6nnen schmerzhafte Entz\u00fcndungen entstehen, die dazu noch f\u00fcrchterlich jucken. Auch Hautpilzerkrankungen sind \u00e4u\u00dferst unangenehm sie Jucken und sehen unsch\u00f6n aus.<br \/>\nEspecially in the winter months, there is an increase in infested animals. Here it is also important to clean\/disinfect the stable and the cleaning tools particularly well.<br \/>\nItching, especially in strong animals such as horses, often leads to particularly serious self-inflicted injuries and this is exactly what must be avoided. The effect against itching alone is immediate, so that immediate relief can prevent possible injuries.<br \/>\nPlease do not underestimate your own risk, because if your horse is very itchy, you can also become unintentionally acquainted with this force.<\/p>\n<p>Anti Fungus + Mite helps against mites and fungal infestation and, with its biological care components, causes rapid regeneration of the horse's skin. In addition, Anti Fungus + Mite prevents the re-colonisation of mites and fungi and directly alleviates itching. This means that the animal has less of an urge to chafe, scratch or bite itself. The skin damaged by the mite and\/or fungus infestation regenerates within a few days. In bald areas, the coat even starts to grow again after a few days. The CSS (Controlled Supply System) in Anti Fungus + Mite ensures that the ingredients are released slowly and evenly. Anti Fungus + Mite for Horses is particularly effective and long-lasting.<\/p>\n<h4><span style=\"color: #0000ff;\">For maintenance cleaning or care around animal husbandry we recommend<\/span>: <a href=\"https:\/\/phoenix-enzymreiniger.com\/produkt\/phoenix-hund-katze-maus-geruchsentferner\/\">Phoenix Enzyme Cleaner<\/a><\/h4>\n<p><span style=\"color: #ccffff;\"><a style=\"color: #ccffff;\" href=\"https:\/\/de.wikipedia.org\/wiki\/Milben\"><span style=\"color: #ffffff;\">Milben<\/span><\/a><span style=\"color: #ffffff;\"> Pferde, Grasmilben Pferd, Milben Pferd Aussehen, Haarlinge Milben Pferd Aussehen, Milben Beim Pferd, R\u00e4ude Pferd, Pferd Milben, Milben Pferd Hausmittel, Milben Pferd Behandeln, Herbstgrasmilben Pferd, Milbenbefall Pferd, Grasmilben Mauke Pferd, Milben Bei Pferden, Hautpilz Pferd, Pilz Pferde, Pilz Beim Pferd, Pferd Pilz, Pilz Bei Pferden, Pferd Pilz Fellwechsel, Pilzbefall Pferd, Pferd Hautpilz, Pilz Pferd Behandeln, Pilz Pferd Kopf, Pilz Beim Pferd Behandeln, Hautpilz Pferd Behandeln, Pilzinfektion Pferd, Pilzmittel Pferd, Pilzerkrankung Pferd,<\/span><\/span><\/p>","protected":false},"excerpt":{"rendered":"<p>Anti Pilz Milbe f\u00fcr Pferde hilft gegen Milben und Pilzbefall und bewirkt mit seinen biologischen Pflegekomponenten schnelle Hilfe.<\/p>","protected":false},"featured_media":3249,"comment_status":"open","ping_status":"closed","template":"","meta":[],"product_brand":[421],"product_cat":[185],"product_tag":[],"class_list":{"0":"post-1373","1":"product","2":"type-product","3":"status-publish","4":"has-post-thumbnail","6":"product_brand-aran-ya","7":"product_cat-phoenix-enzymreiniger","8":"product_shipping_class-dhl-bis-2-kg","10":"first","11":"instock","12":"purchasable","13":"product-type-variable","14":"has-default-attributes"},"_links":{"self":[{"href":"https:\/\/phoenix-enzymreiniger.de\/en\/wp-json\/wp\/v2\/product\/1373","targetHints":{"allow":["GET"]}}],"collection":[{"href":"https:\/\/phoenix-enzymreiniger.de\/en\/wp-json\/wp\/v2\/product"}],"about":[{"href":"https:\/\/phoenix-enzymreiniger.de\/en\/wp-json\/wp\/v2\/types\/product"}],"replies":[{"embeddable":true,"href":"https:\/\/phoenix-enzymreiniger.de\/en\/wp-json\/wp\/v2\/comments?post=1373"}],"version-history":[{"count":1,"href":"https:\/\/phoenix-enzymreiniger.de\/en\/wp-json\/wp\/v2\/product\/1373\/revisions"}],"predecessor-version":[{"id":10093,"href":"https:\/\/phoenix-enzymreiniger.de\/en\/wp-json\/wp\/v2\/product\/1373\/revisions\/10093"}],"wp:featuredmedia":[{"embeddable":true,"href":"https:\/\/phoenix-enzymreiniger.de\/en\/wp-json\/wp\/v2\/media\/3249"}],"wp:attachment":[{"href":"https:\/\/phoenix-enzymreiniger.de\/en\/wp-json\/wp\/v2\/media?parent=1373"}],"wp:term":[{"taxonomy":"product_brand","embeddable":true,"href":"https:\/\/phoenix-enzymreiniger.de\/en\/wp-json\/wp\/v2\/product_brand?post=1373"},{"taxonomy":"product_cat","embeddable":true,"href":"https:\/\/phoenix-enzymreiniger.de\/en\/wp-json\/wp\/v2\/product_cat?post=1373"},{"taxonomy":"product_tag","embeddable":true,"href":"https:\/\/phoenix-enzymreiniger.de\/en\/wp-json\/wp\/v2\/product_tag?post=1373"}],"curies":[{"name":"wp","href":"https:\/\/api.w.org\/{rel}","templated":true}]}}