{"id":1394,"date":"2020-12-13T12:51:58","date_gmt":"2020-12-13T11:51:58","guid":{"rendered":"https:\/\/phoenix-enzymreiniger.com\/?post_type=product&#038;p=1394"},"modified":"2026-04-11T18:25:01","modified_gmt":"2026-04-11T16:25:01","slug":"gnitzen-kriebelmuecken-abwehr-double","status":"publish","type":"product","link":"https:\/\/phoenix-enzymreiniger.de\/en\/product\/gnitzen-kriebelmuecken-abwehr-double\/","title":{"rendered":"Gnitzen Kriebelm\u00fccken Anflugstopp Pferd"},"content":{"rendered":"<h1 style=\"text-align: center;\"><span style=\"color: #ff6600;\">Gnitzen Kriebelm\u00fccken Anflugstop Pferd<\/span><\/h1>\n<p style=\"text-align: center;\"><span style=\"color: #0000ff;\"><strong>Kriebelm\u00fcckenzeit ist von Juni bis Oktober, Produkt ist also lediglich zur Saison verf\u00fcgbar!!!!<\/strong><\/span><\/p>\n<p>Der Fr\u00fchling ist f\u00fcr viele Menschen die sch\u00f6nste Zeit im Jahr. Nur f\u00fcr die Pferdebesitzer nicht! Denn wenn die Tage wieder w\u00e4rmer werden kommt auch die Kriebelm\u00fccke und die Gnitze wieder zum Vorschein und qu\u00e4lt mit Ihren Bissen unsere Pferde. Die Zeit der offenen Wunden und Ekzeme beginnt und somit auch die Zeit von Gnitzen Kriebelm\u00fccken Abwehr Anflugstopp .<\/p>\n<p>But with the right remedy you can keep the little beasts away.<br \/>\nAnti <a href=\"https:\/\/de.wikipedia.org\/wiki\/Kriebelm%C3%BCcken\">Kriebelm\u00fccke<\/a> &amp; Gnitze Anflug Stopp ist ein sehr wirksames Produkt zur Abwehr von Kriebelm\u00fccken und Gnitzen. Durch die spezielle Zusammensetzung der Inhaltsstoffe werden die enthaltenen Pheromone (Botenstoffe) \u00fcber unser CSS (Controlled Supply System) kontinuierlich abgegeben. Aufgrund der hohen Ergiebigkeit gen\u00fcgt eine sparsame Anwendung um Ihr Pferd bis zu 24 Stunden zu sch\u00fctzen.<\/p>\n<p>Gnitzen Kriebelm\u00fccken Abwehr wirkt gezielt bei Kriebelm\u00fccken und Gnitzen. Die enthaltenen Pheromone kommunizieren auf biochemischer Ebene mit den Kriebelm\u00fccken und Gnitzen, und verhindern den Anflug und damit einen unangenehmen Biss.<\/p>\n<h3 style=\"text-align: center;\"><span style=\"color: #ff6600;\">Why you should care about these pests for the sake of your horse or livestock.<\/span><\/h3>\n<p>Black flies are pool suckers, only up to five millimetres in size, dark in colour and humpbacked in appearance. They first crawl around on your dog-cat-mouse to look for a soft puncture site. However, you cannot speak of biting as with the mosquito: These pests literally tear the spot open with their mouthparts. This also makes the \"wound\" larger.<\/p>\n<p>These insects also leave more of their special salivary secretion in it, which prevents blood clotting.<br \/>\nDie Gnitzen (Ceratopogonidae) sind eine Familie der Zweifl\u00fcgler (Diptera) und geh\u00f6ren zu den M\u00fccken und wie die Kriebelm\u00fccken, k\u00f6nnen Ihre blutsaugenden Aktivit\u00e4ten,\u00a0 Deinem \u00a0Hund-Katze-Maus gro\u00dfes Leid bereiten. Denn genau dieses\u00a0 blutverd\u00fcnnende Sekret ist ein Ausl\u00f6ser des Sommerekzems. Die Ursache des Sommerekzems\u00a0 bei Hund-Katzen-Maus,\u00a0 ist die Sensibilisierung der Tiere auf ein bestimmtes Eiwei\u00df im Parasitenspeichel. Strittig ist weiterhin, was genau zu dieser Allergie f\u00fchrt, bevor sie das erste Mal ausgel\u00f6st wird. Deshalb kommt es vor allem darauf an, die Symptome rechtzeitig zu erkennen, oder gleich pr\u00e4ventiv mit unserem Anti Kriebelm\u00fccke &amp; Gnitze den Anflug zu stoppen.<\/p>\n<h4><span style=\"color: #0000ff;\">For maintenance cleaning or care around animal husbandry we recommend<\/span>: <a href=\"https:\/\/phoenix-enzymreiniger.com\/produkt\/phoenix-hund-katze-maus-geruchsentferner\/\">Phoenix Enzyme Cleaner<\/a><\/h4>","protected":false},"excerpt":{"rendered":"<p>Gnitzen Kriebelm\u00fccken Abwehr Double wirkt gezielt bei Kriebelm\u00fccken und Gnitzen. Die enthaltenen Pheromone halten die Biester fern.<\/p>","protected":false},"featured_media":4383,"comment_status":"open","ping_status":"closed","template":"","meta":[],"product_brand":[421],"product_cat":[185],"product_tag":[189,190,191,192],"class_list":{"0":"post-1394","1":"product","2":"type-product","3":"status-publish","4":"has-post-thumbnail","6":"product_brand-aran-ya","7":"product_cat-phoenix-enzymreiniger","8":"product_tag-kriebelmuecken","9":"product_tag-gnitzen","10":"product_tag-anflugstop","11":"product_tag-anti-muecken","13":"first","14":"instock","15":"purchasable","16":"product-type-variable","17":"has-default-attributes"},"_links":{"self":[{"href":"https:\/\/phoenix-enzymreiniger.de\/en\/wp-json\/wp\/v2\/product\/1394","targetHints":{"allow":["GET"]}}],"collection":[{"href":"https:\/\/phoenix-enzymreiniger.de\/en\/wp-json\/wp\/v2\/product"}],"about":[{"href":"https:\/\/phoenix-enzymreiniger.de\/en\/wp-json\/wp\/v2\/types\/product"}],"replies":[{"embeddable":true,"href":"https:\/\/phoenix-enzymreiniger.de\/en\/wp-json\/wp\/v2\/comments?post=1394"}],"version-history":[{"count":1,"href":"https:\/\/phoenix-enzymreiniger.de\/en\/wp-json\/wp\/v2\/product\/1394\/revisions"}],"predecessor-version":[{"id":10092,"href":"https:\/\/phoenix-enzymreiniger.de\/en\/wp-json\/wp\/v2\/product\/1394\/revisions\/10092"}],"wp:featuredmedia":[{"embeddable":true,"href":"https:\/\/phoenix-enzymreiniger.de\/en\/wp-json\/wp\/v2\/media\/4383"}],"wp:attachment":[{"href":"https:\/\/phoenix-enzymreiniger.de\/en\/wp-json\/wp\/v2\/media?parent=1394"}],"wp:term":[{"taxonomy":"product_brand","embeddable":true,"href":"https:\/\/phoenix-enzymreiniger.de\/en\/wp-json\/wp\/v2\/product_brand?post=1394"},{"taxonomy":"product_cat","embeddable":true,"href":"https:\/\/phoenix-enzymreiniger.de\/en\/wp-json\/wp\/v2\/product_cat?post=1394"},{"taxonomy":"product_tag","embeddable":true,"href":"https:\/\/phoenix-enzymreiniger.de\/en\/wp-json\/wp\/v2\/product_tag?post=1394"}],"curies":[{"name":"wp","href":"https:\/\/api.w.org\/{rel}","templated":true}]}}