{"id":1471,"date":"2020-12-17T12:22:43","date_gmt":"2020-12-17T11:22:43","guid":{"rendered":"https:\/\/phoenix-enzymreiniger.com\/?post_type=product&#038;p=1471"},"modified":"2026-04-11T18:25:01","modified_gmt":"2026-04-11T16:25:01","slug":"ekzempflege-pferd","status":"publish","type":"product","link":"https:\/\/phoenix-enzymreiniger.de\/en\/product\/ekzempflege-pferd\/","title":{"rendered":"Ekzempflege Pferd"},"content":{"rendered":"<h1 style=\"text-align: center;\"><span style=\"color: #ff6600;\">Ekzempflege Pferd<\/span><\/h1>\n<p><a href=\"https:\/\/de.wikipedia.org\/wiki\/Ekzem\">Ekzeme<\/a> beim Pferd werden in den meisten F\u00e4llen durch die Bisse der Kriebelm\u00fccken und Gnitzen verursacht und k\u00f6nnen mit Ekzempflege Pferd Pferd bestens versorgt werden. Wir k\u00f6nnen das Ekzem bek\u00e4mpfen und daf\u00fcr sorgen, dass die kleinen blutr\u00fcnstigen Tierchen Ihrem Pferd nicht weiter schaden.<\/p>\n<p>Unsere Ekzempflege ist ein sehr effektives Produkt zur Behandlung von Ekzemen auf der Pferdehaut. Es wirkt desinfizierend und wirkt unterst\u00fctzend bei der Haut-Regeneration. So erholt sich die erkrankte Stelle schnell und ein erneuter Befall ist kaum zu erwarten. Lindert den Juckreiz und verhindert somit, dass Ihr Pferd das Bed\u00fcrfnis hat sich an den betroffenen Stellen zu scheuern, zu schubbern, oder gar zu bei\u00dfen. Ihr Pferd wird deutlich ruhiger und ist dadurch weniger gestresst.<\/p>\n<p>Ekzempflege\u00a0 lindert den Juckreiz und verhindert somit, dass das Pferd weniger das Bed\u00fcrfnis hat sich an den betroffenen Stellen zu scheuern oder zu bei\u00dfen. Ihr Pferd wird deutlich ruhiger und ist dadurch weniger gestresst.<br \/>\nDurch das CSS (Controlled Supply System) werden die Wirkstoffe kontinuierlich und \u00fcber einen langen Zeitraum abgegeben. Dadurch k\u00f6nnen Sie unsere Ekzempflege sehr sparsam anwenden und haben dennoch den optimalen Schutz und die optimale Pflege f\u00fcr Ihr Pferd.<br \/>\nThe product is free of antibiotics and cortisone. The itching is stopped and no oily residues remain.<\/p>\n<h4><span style=\"color: #0000ff;\">For maintenance cleaning or care around animal husbandry we recommend<\/span>: <a href=\"https:\/\/phoenix-enzymreiniger.com\/produkt\/phoenix-hund-katze-maus-geruchsentferner\/\">Phoenix Enzyme Cleaner<\/a><\/h4>","protected":false},"excerpt":{"rendered":"<p>Ekzempflege Pferd ist ein sehr effektives Produkt zur Behandlung von Ekzemen auf der Pferdehaut mit nat\u00fcrlichen Inhaltsstoffen.<\/p>","protected":false},"featured_media":3230,"comment_status":"open","ping_status":"closed","template":"","meta":[],"product_brand":[421],"product_cat":[185],"product_tag":[230,231],"class_list":{"0":"post-1471","1":"product","2":"type-product","3":"status-publish","4":"has-post-thumbnail","6":"product_brand-aran-ya","7":"product_cat-phoenix-enzymreiniger","8":"product_tag-ekzempflege","9":"product_tag-ekzem","10":"product_shipping_class-dhl-bis-2-kg","12":"first","13":"instock","14":"purchasable","15":"product-type-variable","16":"has-default-attributes"},"_links":{"self":[{"href":"https:\/\/phoenix-enzymreiniger.de\/en\/wp-json\/wp\/v2\/product\/1471","targetHints":{"allow":["GET"]}}],"collection":[{"href":"https:\/\/phoenix-enzymreiniger.de\/en\/wp-json\/wp\/v2\/product"}],"about":[{"href":"https:\/\/phoenix-enzymreiniger.de\/en\/wp-json\/wp\/v2\/types\/product"}],"replies":[{"embeddable":true,"href":"https:\/\/phoenix-enzymreiniger.de\/en\/wp-json\/wp\/v2\/comments?post=1471"}],"version-history":[{"count":1,"href":"https:\/\/phoenix-enzymreiniger.de\/en\/wp-json\/wp\/v2\/product\/1471\/revisions"}],"predecessor-version":[{"id":10091,"href":"https:\/\/phoenix-enzymreiniger.de\/en\/wp-json\/wp\/v2\/product\/1471\/revisions\/10091"}],"wp:featuredmedia":[{"embeddable":true,"href":"https:\/\/phoenix-enzymreiniger.de\/en\/wp-json\/wp\/v2\/media\/3230"}],"wp:attachment":[{"href":"https:\/\/phoenix-enzymreiniger.de\/en\/wp-json\/wp\/v2\/media?parent=1471"}],"wp:term":[{"taxonomy":"product_brand","embeddable":true,"href":"https:\/\/phoenix-enzymreiniger.de\/en\/wp-json\/wp\/v2\/product_brand?post=1471"},{"taxonomy":"product_cat","embeddable":true,"href":"https:\/\/phoenix-enzymreiniger.de\/en\/wp-json\/wp\/v2\/product_cat?post=1471"},{"taxonomy":"product_tag","embeddable":true,"href":"https:\/\/phoenix-enzymreiniger.de\/en\/wp-json\/wp\/v2\/product_tag?post=1471"}],"curies":[{"name":"wp","href":"https:\/\/api.w.org\/{rel}","templated":true}]}}