{"id":1484,"date":"2020-12-17T12:49:11","date_gmt":"2020-12-17T11:49:11","guid":{"rendered":"https:\/\/phoenix-enzymreiniger.com\/?post_type=product&#038;p=1484"},"modified":"2026-04-11T18:24:26","modified_gmt":"2026-04-11T16:24:26","slug":"spezial-pferdeshampoo","status":"publish","type":"product","link":"https:\/\/phoenix-enzymreiniger.de\/en\/product\/spezial-pferdeshampoo\/","title":{"rendered":"Spezial Pferdeshampoo 500 ml"},"content":{"rendered":"<h1 style=\"text-align: center;\"><span style=\"color: #ff6600;\">Spezial Pferdeshampoo Allgemein\/Schimel\/Rappen\u00a0<\/span><\/h1>\n<p style=\"text-align: center;\"><em>Spezial Pferdeshampoo gegen Juckreiz und zur Vorbeugung. Da die unterschiedlichen Fellfarben durchaus eine Modifikation des Shampoos ben\u00f6tigen finden Sie neben Basic noch die individuellen Inhaltsstoffe f\u00fcr schwarz und <a href=\"https:\/\/de.wikipedia.org\/wiki\/Schimmel_(Pferd)\">wei\u00df<\/a>.<\/em><\/p>\n<p>Wash a horse? Is that necessary? After all, it doesn't wash itself in nature either!<br \/>\nDas ist richtig, man sollte sein Pferd nicht zu h\u00e4ufig waschen. Doch manchmal muss es eben doch sein. Leichter Dreck lassen sich gut durch das t\u00e4gliche B\u00fcrsten entfernen. Bei extremen Verschmutzungen und Flecken, oder wenn Ihr Pferd einfach mal f\u00fcr ein Turnier strahlen muss. Also wenn Sie Ihr Pferd waschen m\u00f6chten\/m\u00fcssen, dann bitte mit der richtigen Pflege! Da das Fell\/ die Haut des Pferdes wenig r\u00fcckfettend ist, braucht sie die wertvollen \u00d6le und Pflanzenextrakte von Fellpflege Pferd.<\/p>\n<p>Unser Shampoo ist eine Spezialpflege f\u00fcr Pferde zur milden Reinigung von Fell, M\u00e4hne und Schweif. Beachten Sie auch unser Produkt <a href=\"https:\/\/phoenix-enzymreiniger.com\/de_de\/phoenix-enzymreiniger-shop\/aran-ya-tierpflegeprodukte\/aran-ya-pferd\/maehne-schweifpflege-pferde-nutztiere\/\"><strong>M\u00e4hne- und Schweifpflege f\u00fcr Pferde.<\/strong><\/a><br \/>\nThe special light reflex formula provides natural colour intensification, increased luminosity and ensures a silky coat shine. The adjusted pH value stabilises the acid mantle of the sensitive horse skin. Replenishing substances ensure rapid regeneration of the horse's skin and relieve itching.<br \/>\nFell- und Hautpflege f\u00fcr Rappen pflegt die empfindliche Pferdehaut nachhaltig. Es macht die Haut geschmeidig und bewahrt sie vor dem Austrocknen. Die nat\u00fcrliche Elastizit\u00e4t und S\u00e4ureschutzbarriere der Pferdehaut bleibt erhalten.<\/p>\n<p>Unsere Spezial Pferdeshampoo enth\u00e4lt r\u00fcckfettende Waschsubstanzen. Ein bei trockener Haut entstehender Juckreiz wird gestoppt und eine eventuelle Schuppenbildung wird verhindert. Fell- und Hautpflege kann somit beliebig oft angewendet werden.<\/p>\n<h4 style=\"text-align: center;\"><span style=\"color: #ff6600;\">How does our Coat &amp; Skin Care Anti Itch Horse work:<\/span><\/h4>\n<p>Du wendest unsere Fellpflege wie ein ganz normales Shampoo mit kaltem oder warmen Wasser an, wobei lediglich zu beachten ist,\u00a0 unsere Fellpflege ist sehr ergiebig, du ben\u00f6tigst also nicht viel um dein Pferd erfolgreich zu waschen. Wir erleichtern dir deine Verantwortung gerne mit unserer Fellpflege von.<\/p>\n<h4><span style=\"color: #0000ff;\">For maintenance cleaning or care around animal husbandry we recommend<\/span>: <a href=\"https:\/\/phoenix-enzymreiniger.com\/produkt\/phoenix-hund-katze-maus-geruchsentferner\/\">Phoenix Enzyme Cleaner<\/a><\/h4>\n<p><span style=\"color: #ccffff;\">Pferd Shampoo, Shampoo Pferd, Pferde Shampoo, Pferdeshampoo, Pferde Shampoo Juckreiz, Pferdeshampoo Gegen Haarausfall, Pferd Shampoo, Pferdeshampoo Gegen Juckreiz, Fellpflege Pferde, Pferde Fellpflege, \u00a0<\/span><\/p>","protected":false},"excerpt":{"rendered":"<p>ARAN-YA Horse Coat Care is a special care for horses for the mild cleaning of coat, mane and tail with natural ingredients.<\/p>","protected":false},"featured_media":3199,"comment_status":"open","ping_status":"closed","template":"","meta":[],"product_brand":[421],"product_cat":[467,469],"product_tag":[232],"class_list":{"0":"post-1484","1":"product","2":"type-product","3":"status-publish","4":"has-post-thumbnail","6":"product_brand-aran-ya","7":"product_cat-tierpflegeprodukte-unserer-partnerserie","8":"product_cat-aran-ya-tierpflegeprodukte-pferd","9":"product_tag-fellpflege-pferd","10":"product_shipping_class-dhl-bis-2-kg","12":"first","13":"instock","14":"purchasable","15":"product-type-variable"},"_links":{"self":[{"href":"https:\/\/phoenix-enzymreiniger.de\/en\/wp-json\/wp\/v2\/product\/1484","targetHints":{"allow":["GET"]}}],"collection":[{"href":"https:\/\/phoenix-enzymreiniger.de\/en\/wp-json\/wp\/v2\/product"}],"about":[{"href":"https:\/\/phoenix-enzymreiniger.de\/en\/wp-json\/wp\/v2\/types\/product"}],"replies":[{"embeddable":true,"href":"https:\/\/phoenix-enzymreiniger.de\/en\/wp-json\/wp\/v2\/comments?post=1484"}],"version-history":[{"count":1,"href":"https:\/\/phoenix-enzymreiniger.de\/en\/wp-json\/wp\/v2\/product\/1484\/revisions"}],"predecessor-version":[{"id":10090,"href":"https:\/\/phoenix-enzymreiniger.de\/en\/wp-json\/wp\/v2\/product\/1484\/revisions\/10090"}],"wp:featuredmedia":[{"embeddable":true,"href":"https:\/\/phoenix-enzymreiniger.de\/en\/wp-json\/wp\/v2\/media\/3199"}],"wp:attachment":[{"href":"https:\/\/phoenix-enzymreiniger.de\/en\/wp-json\/wp\/v2\/media?parent=1484"}],"wp:term":[{"taxonomy":"product_brand","embeddable":true,"href":"https:\/\/phoenix-enzymreiniger.de\/en\/wp-json\/wp\/v2\/product_brand?post=1484"},{"taxonomy":"product_cat","embeddable":true,"href":"https:\/\/phoenix-enzymreiniger.de\/en\/wp-json\/wp\/v2\/product_cat?post=1484"},{"taxonomy":"product_tag","embeddable":true,"href":"https:\/\/phoenix-enzymreiniger.de\/en\/wp-json\/wp\/v2\/product_tag?post=1484"}],"curies":[{"name":"wp","href":"https:\/\/api.w.org\/{rel}","templated":true}]}}