{"id":1498,"date":"2020-12-17T17:20:46","date_gmt":"2020-12-17T16:20:46","guid":{"rendered":"https:\/\/phoenix-enzymreiniger.com\/?post_type=product&#038;p=1498"},"modified":"2026-04-11T18:25:00","modified_gmt":"2026-04-11T16:25:00","slug":"fesselbeugen-reiniger","status":"publish","type":"product","link":"https:\/\/phoenix-enzymreiniger.de\/en\/product\/fesselbeugen-reiniger\/","title":{"rendered":"Fetlock Cleaner"},"content":{"rendered":"<h1 style=\"text-align: center;\"><span style=\"color: #ff6600;\">Fetlock Cleaner<br \/>\nHautdesinfektion f\u00fcr Tiere &#8211; LabroSept<br \/>\n<\/span><\/h1>\n<p>F\u00fcr viele Erkrankungen bei unseren Pferden oder Nutztieren spielen \u00e4u\u00dfere Einfl\u00fcsse eine gro\u00dfe Rolle. Eine der Hauptproblemzonen bei Pferden ist die sogenannte Fesselbeuge. Hier solltest du immer ein Auge drauf haben. Fesselbeugen Reiniger f\u00fcr Pferde- Huftiere geh\u00f6rt zur t\u00e4glichen Pflege unbedingt dazu.<\/p>\n<h4><span style=\"color: #ff6600;\">Worauf ist zu achten?<\/span><\/h4>\n<p>The skin is initially reddened and scabby crusts develop, but a greasy coating may also occur. Hair loss occurs in the affected area. The skin thickens considerably in the further course and blisters may form, which can be purulent. The skin is clearly heated by the inflammation and feels parchment-like. As the disease progresses, skin growths will appear.<\/p>\n<p>Wenn Dein Tier erst einmal erkrankt ist, ist es besonders wichtig die erkrankte Stelle von Viren und Bakterien zu befreien. Hierf\u00fcr eignet sich der Fesselbeugen Reiniger<strong>\u00a0<\/strong>hervorragend, denn er ist wasserbasiert und ohne chemische Zus\u00e4tze. Unser Fesselbeugenreiniger ist jedoch nicht nur f\u00fcr die Reinigung der Fesselbeuge bestens geeignet, sondern desinfiziert diese auch zum Schutz, gegen bakterielle und virale Erreger. Im Optimalfall verhindert die Fesselbeugenpflege eine Erkrankung mit Mauke oder Raspe. Unterst\u00fctzt zus\u00e4tzlich auch hervorragend bestehende Mauke-Raspe Behandlungen. Sie k\u00f6nnen Ihren Tierarzt hierzu nat\u00fcrlich gerne einbeziehen.\u00a0 Hierzu haben wir in unserem Shop auch passend die <a href=\"https:\/\/phoenix-enzymreiniger.com\/de_de\/phoenix-enzymreiniger-shop\/aran-ya-tierpflegeprodukte\/aran-ya-pferd\/fesselbeugenpflege-raspe-mauke-pferd\/\">Fesselbeugenpflege<\/a>. Das macht f\u00fcr Dich und dein Tier sehr gro\u00dfen Sinn, weil diese beiden Produkte aufeinander abgestimmt sind und\u00a0 f\u00fcr bestm\u00f6gliche Ergebnisse sorgen, ohne unn\u00f6tige Chemische Belastung f\u00fcr Tier und Umwelt.<\/p>\n<p>Der Fesselbeugen Reinigung ist ein desinfizierend wirkender, wasserbasierter, milder Reiniger, der in einem speziellen Osmose-Verfahren aus reinem Trinkwasser und Salz, OHNE weitere chemische Zus\u00e4tze, hergestellt wird. Nach sorgf\u00e4ltiger Vorreinigung ist die Fesselbeuge optimal gesch\u00fctzt. Bakterien, Pilze, Viren, Milben u.v.m. werden vernichtet. Hier ist Vorbeugen definitiv die Beste Devise, denn eine Mauke Behandlung ist um L\u00e4ngen belastender f\u00fcr Pferd und Halter.<\/p>\n<h4><span style=\"color: #0000ff;\">For maintenance cleaning or care around animal husbandry we recommend<\/span>: <a href=\"https:\/\/phoenix-enzymreiniger.com\/produkt\/phoenix-hund-katze-maus-geruchsentferner\/\">Phoenix Enzyme Cleaner<\/a><\/h4>\n<p><span style=\"color: #ccffff;\">Fesselbeugen, Fesselbeugenpflege, Fesselbeugen Pflege, Mauke Pferd, Mauke Behandeln, Raspe Pferd, Bestes Mittel Gegen Mauke, Mauke Pferd Behandeln, Pferd Mauke, Schwere <a style=\"color: #ccffff;\" href=\"https:\/\/de.wikipedia.org\/wiki\/Mauke_(Pferd)\">Mallenders<\/a> Behandeln, Mauke Beim Pferd,<\/span><\/p>","protected":false},"excerpt":{"rendered":"<p>Fesselbeugen Reiniger f\u00fcr Pferde- Huftiere ist ein desinfizierend wirkender, wasserbasierter, milder Reiniger. Hergestellt im Osmose-Verfahren.<\/p>","protected":false},"featured_media":3189,"comment_status":"open","ping_status":"closed","template":"","meta":[],"product_brand":[421],"product_cat":[467,469],"product_tag":[233,234],"class_list":{"0":"post-1498","1":"product","2":"type-product","3":"status-publish","4":"has-post-thumbnail","6":"product_brand-aran-ya","7":"product_cat-tierpflegeprodukte-unserer-partnerserie","8":"product_cat-aran-ya-tierpflegeprodukte-pferd","9":"product_tag-fesselbeugen-pflege-pferd","10":"product_tag-fesselbeugen-reiniger","11":"product_shipping_class-dhl-bis-2-kg","13":"first","14":"instock","15":"purchasable","16":"product-type-variable","17":"has-default-attributes"},"_links":{"self":[{"href":"https:\/\/phoenix-enzymreiniger.de\/en\/wp-json\/wp\/v2\/product\/1498","targetHints":{"allow":["GET"]}}],"collection":[{"href":"https:\/\/phoenix-enzymreiniger.de\/en\/wp-json\/wp\/v2\/product"}],"about":[{"href":"https:\/\/phoenix-enzymreiniger.de\/en\/wp-json\/wp\/v2\/types\/product"}],"replies":[{"embeddable":true,"href":"https:\/\/phoenix-enzymreiniger.de\/en\/wp-json\/wp\/v2\/comments?post=1498"}],"version-history":[{"count":1,"href":"https:\/\/phoenix-enzymreiniger.de\/en\/wp-json\/wp\/v2\/product\/1498\/revisions"}],"predecessor-version":[{"id":10089,"href":"https:\/\/phoenix-enzymreiniger.de\/en\/wp-json\/wp\/v2\/product\/1498\/revisions\/10089"}],"wp:featuredmedia":[{"embeddable":true,"href":"https:\/\/phoenix-enzymreiniger.de\/en\/wp-json\/wp\/v2\/media\/3189"}],"wp:attachment":[{"href":"https:\/\/phoenix-enzymreiniger.de\/en\/wp-json\/wp\/v2\/media?parent=1498"}],"wp:term":[{"taxonomy":"product_brand","embeddable":true,"href":"https:\/\/phoenix-enzymreiniger.de\/en\/wp-json\/wp\/v2\/product_brand?post=1498"},{"taxonomy":"product_cat","embeddable":true,"href":"https:\/\/phoenix-enzymreiniger.de\/en\/wp-json\/wp\/v2\/product_cat?post=1498"},{"taxonomy":"product_tag","embeddable":true,"href":"https:\/\/phoenix-enzymreiniger.de\/en\/wp-json\/wp\/v2\/product_tag?post=1498"}],"curies":[{"name":"wp","href":"https:\/\/api.w.org\/{rel}","templated":true}]}}