{"id":1516,"date":"2020-12-19T10:18:27","date_gmt":"2020-12-19T09:18:27","guid":{"rendered":"https:\/\/phoenix-enzymreiniger.com\/?post_type=product&#038;p=1516"},"modified":"2026-04-11T18:25:00","modified_gmt":"2026-04-11T16:25:00","slug":"hufpflege-hufoel-hufoel","status":"publish","type":"product","link":"https:\/\/phoenix-enzymreiniger.de\/en\/product\/hufpflege-hufoel-hufoel\/","title":{"rendered":"Hufpflege Huf\u00f6l Hufoel"},"content":{"rendered":"<h1 style=\"text-align: center;\"><span style=\"color: #ff6600;\">Hufpflege Huf\u00f6l Hufoel<\/span><\/h1>\n<p>Die Hufpflege ist wichtiger als viele denken. F\u00fcr die meisten Pferdebesitzer geh\u00f6rt jedoch zum Gl\u00fcck Hufpflege Huf\u00f6l Hufoel zum t\u00e4glichen Pflegeritual dazu. Und das soll auch so sein, denn nur mit gesunden Hufen kann Ihr Pferd die richtige Leistung erbringen und ist zufrieden.<br \/>\nDenn die Hufpflege ist speziell entwickelt, um den Huf des Pferdes zu pflegen und vor allem gesund zu halten. Die Pflegesubstanzen dringen tief in die Poren und Risse des Hufs ein, so dass der Huf desinfiziert ist. Bakterien und Pilze werden abget\u00f6tet und zugleich gesch\u00fctzt und gepflegt. F\u00e4ulnisbakterien, die vom Boden aufgenommen wurden, werden jetzt von Anfang an bek\u00e4mpft und der Huf ist jetzt vor Strahlf\u00e4ule gesch\u00fctzt.<\/p>\n<p>Hufpflege Huf\u00f6l\u00a0 ist rein pflanzlich und durch die hochentwickelte, neuartige Zusammensetzung die perfekte Pflege f\u00fcr den Huf und die f\u00fcr Hufregeneration Ihres Pferdes. Die Wirkstoffe in\u00a0 Huf-Pflege werden aufgrund unseres CSS (Controlled Supply System) \u00fcber einen langen Zeitraum an den Huf Ihres Pferdes abgegeben, denn so ist der Huf Ihres Pferdes optimal gesch\u00fctzt.<\/p>\n<p>Huf-Pflege garantiert nicht nur wundersch\u00f6ne gesunde Hufe, die Huf-Pflege sch\u00fctzt den Huf auch vor Strahlf\u00e4ule. Die Hufe Ihres Pferdes bleiben elastisch und gesund. Die wertvollen Pflegesubstanzen in Huf-Pflege sorgen f\u00fcr einen optimalen Feuchtegehalt. Die Pflegesubstanzen erhalten die Elastizit\u00e4t von Horn, Kronenrand und Saumband. Die Hufe sehen gesund aus!<\/p>\n<p>Das Hufpflege Huf\u00f6l f\u00f6rdert die Elastizit\u00e4t des Hufhorns und macht selbst einen weichen Huf wieder extrem belastbar. Zus\u00e4tzlich sorgen die Inhaltsstoffe f\u00fcr eine beruhigende Wirkung auf den beanspruchten Huf. Das Huf- \u00d6l zieht besonders schnell ein, ist schmutzabweisend und verleiht dem Huf brillanten Glanz. Bereits nach wenigen Anwendungen werden weiche Huftypen sp\u00fcrbar elastischer und damit belastbarer und Harte weniger Spr\u00f6de und rissig.<\/p>\n<p>Die beste Wirkung erhalten Sie, wenn Sie unsere Hufpflege Huf\u00f6l Hufoel regelm\u00e4\u00dfig im Wechsel mit <a href=\"https:\/\/phoenix-enzymreiniger.com\/phoenix-enzymreiniger-shop\/aran-ya-tierpflegeprodukte\/aran-ya-pferd\/strahlpflege-pferd-aran-ya\/\">Strahlpflege<\/a> Apply.<\/p>\n<h4><span style=\"color: #0000ff;\">For maintenance cleaning or care around animal husbandry we recommend<\/span>: <a href=\"https:\/\/phoenix-enzymreiniger.com\/produkt\/phoenix-hund-katze-maus-geruchsentferner\/\">Phoenix Enzyme Cleaner<\/a><\/h4>","protected":false},"excerpt":{"rendered":"<p>Hufpflege Huf\u00f6l Hufoel 500ml ist rein pflanzlich und durch die hochentwickelte, neuartige Zusammensetzung die perfekte Pflege f\u00fcr jeden ist rein pflanzlich und durch die hochentwickelte, neuartige Zusammensetzung die perfekte Pflege f\u00fcr jeden Huf.<\/p>","protected":false},"featured_media":3173,"comment_status":"open","ping_status":"closed","template":"","meta":[],"product_brand":[421],"product_cat":[467,469],"product_tag":[],"class_list":{"0":"post-1516","1":"product","2":"type-product","3":"status-publish","4":"has-post-thumbnail","6":"product_brand-aran-ya","7":"product_cat-tierpflegeprodukte-unserer-partnerserie","8":"product_cat-aran-ya-tierpflegeprodukte-pferd","9":"product_shipping_class-dhl-bis-2-kg","11":"first","12":"instock","13":"purchasable","14":"product-type-variable","15":"has-default-attributes"},"_links":{"self":[{"href":"https:\/\/phoenix-enzymreiniger.de\/en\/wp-json\/wp\/v2\/product\/1516","targetHints":{"allow":["GET"]}}],"collection":[{"href":"https:\/\/phoenix-enzymreiniger.de\/en\/wp-json\/wp\/v2\/product"}],"about":[{"href":"https:\/\/phoenix-enzymreiniger.de\/en\/wp-json\/wp\/v2\/types\/product"}],"replies":[{"embeddable":true,"href":"https:\/\/phoenix-enzymreiniger.de\/en\/wp-json\/wp\/v2\/comments?post=1516"}],"version-history":[{"count":1,"href":"https:\/\/phoenix-enzymreiniger.de\/en\/wp-json\/wp\/v2\/product\/1516\/revisions"}],"predecessor-version":[{"id":10087,"href":"https:\/\/phoenix-enzymreiniger.de\/en\/wp-json\/wp\/v2\/product\/1516\/revisions\/10087"}],"wp:featuredmedia":[{"embeddable":true,"href":"https:\/\/phoenix-enzymreiniger.de\/en\/wp-json\/wp\/v2\/media\/3173"}],"wp:attachment":[{"href":"https:\/\/phoenix-enzymreiniger.de\/en\/wp-json\/wp\/v2\/media?parent=1516"}],"wp:term":[{"taxonomy":"product_brand","embeddable":true,"href":"https:\/\/phoenix-enzymreiniger.de\/en\/wp-json\/wp\/v2\/product_brand?post=1516"},{"taxonomy":"product_cat","embeddable":true,"href":"https:\/\/phoenix-enzymreiniger.de\/en\/wp-json\/wp\/v2\/product_cat?post=1516"},{"taxonomy":"product_tag","embeddable":true,"href":"https:\/\/phoenix-enzymreiniger.de\/en\/wp-json\/wp\/v2\/product_tag?post=1516"}],"curies":[{"name":"wp","href":"https:\/\/api.w.org\/{rel}","templated":true}]}}