{"id":1532,"date":"2020-12-20T12:29:10","date_gmt":"2020-12-20T11:29:10","guid":{"rendered":"https:\/\/phoenix-enzymreiniger.com\/?post_type=product&#038;p=1532"},"modified":"2026-04-11T18:24:55","modified_gmt":"2026-04-11T16:24:55","slug":"strahlpflege-pferd","status":"publish","type":"product","link":"https:\/\/phoenix-enzymreiniger.de\/en\/product\/strahlpflege-pferd\/","title":{"rendered":"Strahlpflege Pferd"},"content":{"rendered":"<h1 style=\"text-align: center;\"><span style=\"color: #ff6600;\">Strahlpflege Pferd<\/span><\/h1>\n<p>Strahlpflege Pferd. Die richtige und vor allem t\u00e4gliche Pflege der Hufe und des Strahls mit Strahlpflege Pferd\u00a0 ist beim Pferd unerl\u00e4sslich, damit eine Strahlf\u00e4ule erst gar nicht entstehen kann. Denn Bakterien f\u00fchlen sich besonders wohl, wenn es sch\u00f6n feucht, dreckig und warm ist. Dann entsteht die Strahlf\u00e4ule mit ihrem fauligen Geruch.<br \/>\nBut it doesn't have to come to that! If you want to care for your horse in a natural way and without chemical additives, you have come to the right place. Because we pay attention to natural ingredients that are no less effective.<\/p>\n<p>Strahlpflege Pferd\u00a0 ist ein Pflegeprodukt mit nat\u00fcrlichen antibakteriellen Wirkstoffen zur Bek\u00e4mpfung von Strahlf\u00e4ule am Pferdehuf, dabei verzichten wir vollkommen auf chemische Zus\u00e4tze!<br \/>\nDurch das CSS (Controlled Supply System) werden kontinuierlich, langsam und gleichm\u00e4\u00dfig die Wirkstoffe abgegeben. Somit kann\u00a0 Strahlpflege sehr sparsam verwendet werden. Zudem wird ein Austrocknen oder Verspr\u00f6dung des Huf Horns\/Strahls verhindert. Die beste Wirkung erzielen Sie, wenn Sie\u00a0 Strahlpflege regelm\u00e4\u00dfig zusammen mit <a href=\"https:\/\/phoenix-enzymreiniger.com\/phoenix-enzymreiniger-shop\/aran-ya-tierpflegeprodukte\/aran-ya-pferd\/hufpflege-aran-ya\/\">\u00a0Huf- Pflege<\/a> Apply.<\/p>\n<h3><span style=\"color: #ff6600;\">Was ist <a href=\"https:\/\/de.wikipedia.org\/wiki\/Strahlf%C3%A4ule\">Strahlf\u00e4ule<\/a> und wie entsteht sie?<\/span><\/h3>\n<p>This disease is a bacterial infection of the hooves, especially of the frog, which is accompanied by severe pain.\u00a0 In the course of the disease, lameness also occurs. The infection breaks down the frog horn and can spread to the corium of the foot. The disease is characterised by a foul odour emanating from the hooves and a brownish mass in the frog furrows.<\/p>\n<h3><span style=\"color: #ff6600;\">Was ist jetzt zu tun und wie kann unsere Strahlpflege Pferd helfen?<\/span><\/h3>\n<p>Bei einem Befall wird der Tierarzt die betroffenen Hornstellen entfernen und so f\u00fcr die Bildung von gesundem Horn sorgen. Die t\u00e4gliche Desinfektion und penible Reinigung der Hufe mit Strahlpflege Pferd\u00a0 bleibt jedoch bei Ihnen und sorgt f\u00fcr eine zeitnahe Abheilung und verhindert eine weitere Vermehrung der Bakterien. Wir empfehlen schnell n\u00e4ssendes oder sehr feines und in die Wunden gelangendes Einstreumaterial zu vermeiden sowie auf harte, dr\u00fcckende Pellets zu verzichten.<\/p>\n<p><span style=\"color: #0000ff;\">For maintenance cleaning or care around animal husbandry we recommend<\/span>: <a href=\"https:\/\/phoenix-enzymreiniger.com\/produkt\/phoenix-hund-katze-maus-geruchsentferner\/\">Phoenix Enzyme Cleaner<\/a><\/p>\n<p><span style=\"color: #ccffff;\">Strahlf\u00e4ule, Strahlf\u00e4ule Pferd, Hufkrebs Pferd, Hufkrebs, Strahlf\u00e4ule Mittel, Strahlf\u00e4ule Behandeln, Strahlf\u00e4ule Pferd Behandeln, Huff\u00e4ule, Strahlf\u00e4ule Erkennen, Hufpilz Pferd, Mittel Gegen Strahlf\u00e4ule, Strahlf\u00e4ule Pferd Erkennen, Huff\u00e4ule Pferd, Strahl Pferd, Pferd Strahlf\u00e4ule, Strahlpilz, Hufpilz<\/span><\/p>","protected":false},"excerpt":{"rendered":"<p>Strahlpflege Pferd ist ein Pflegeprodukt mit nat\u00fcrlichen antibakteriellen Wirkstoffen zur Bek\u00e4mpfung von Strahlf\u00e4ule am Pferdehuf. ist ein Pflegeprodukt mit nat\u00fcrlichen antibakteriellen Wirkstoffen zur Bek\u00e4mpfung von Strahlf\u00e4ule am Pferdehuf.<\/p>","protected":false},"featured_media":1535,"comment_status":"open","ping_status":"closed","template":"","meta":[],"product_brand":[421],"product_cat":[467,469],"product_tag":[],"class_list":{"0":"post-1532","1":"product","2":"type-product","3":"status-publish","4":"has-post-thumbnail","6":"product_brand-aran-ya","7":"product_cat-tierpflegeprodukte-unserer-partnerserie","8":"product_cat-aran-ya-tierpflegeprodukte-pferd","9":"product_shipping_class-dhl-bis-2-kg","11":"first","12":"instock","13":"purchasable","14":"product-type-variable","15":"has-default-attributes"},"_links":{"self":[{"href":"https:\/\/phoenix-enzymreiniger.de\/en\/wp-json\/wp\/v2\/product\/1532","targetHints":{"allow":["GET"]}}],"collection":[{"href":"https:\/\/phoenix-enzymreiniger.de\/en\/wp-json\/wp\/v2\/product"}],"about":[{"href":"https:\/\/phoenix-enzymreiniger.de\/en\/wp-json\/wp\/v2\/types\/product"}],"replies":[{"embeddable":true,"href":"https:\/\/phoenix-enzymreiniger.de\/en\/wp-json\/wp\/v2\/comments?post=1532"}],"version-history":[{"count":1,"href":"https:\/\/phoenix-enzymreiniger.de\/en\/wp-json\/wp\/v2\/product\/1532\/revisions"}],"predecessor-version":[{"id":10086,"href":"https:\/\/phoenix-enzymreiniger.de\/en\/wp-json\/wp\/v2\/product\/1532\/revisions\/10086"}],"wp:featuredmedia":[{"embeddable":true,"href":"https:\/\/phoenix-enzymreiniger.de\/en\/wp-json\/wp\/v2\/media\/1535"}],"wp:attachment":[{"href":"https:\/\/phoenix-enzymreiniger.de\/en\/wp-json\/wp\/v2\/media?parent=1532"}],"wp:term":[{"taxonomy":"product_brand","embeddable":true,"href":"https:\/\/phoenix-enzymreiniger.de\/en\/wp-json\/wp\/v2\/product_brand?post=1532"},{"taxonomy":"product_cat","embeddable":true,"href":"https:\/\/phoenix-enzymreiniger.de\/en\/wp-json\/wp\/v2\/product_cat?post=1532"},{"taxonomy":"product_tag","embeddable":true,"href":"https:\/\/phoenix-enzymreiniger.de\/en\/wp-json\/wp\/v2\/product_tag?post=1532"}],"curies":[{"name":"wp","href":"https:\/\/api.w.org\/{rel}","templated":true}]}}