{"id":1560,"date":"2020-12-21T09:44:12","date_gmt":"2020-12-21T08:44:12","guid":{"rendered":"https:\/\/phoenix-enzymreiniger.com\/?post_type=product&#038;p=1560"},"modified":"2026-04-11T18:24:24","modified_gmt":"2026-04-11T16:24:24","slug":"kuehlgel-pferd-hund","status":"publish","type":"product","link":"https:\/\/phoenix-enzymreiniger.de\/en\/product\/kuehlgel-pferd-hund\/","title":{"rendered":"K\u00fchlgel Pferd-Hund 500ml"},"content":{"rendered":"<h1 style=\"text-align: center;\"><span style=\"color: #ff6600;\">K\u00fchlgel Pferd-Hund (500ml)<\/span><\/h1>\n<p>K\u00fchlgel Pferd-Hund. Sie reiten gerne aus? Oder Sie reiten auf vielen Turnieren und trainieren deshalb oft und lange mit Ihrem Pferd? Dann g\u00f6nnen Sie Ihrem Pferd ein bisschen Wellness nach getaner Arbeit. Denn unser K\u00fchlgel Pferd-Hund ARAN-YA \u00a0geh\u00f6rt in jede Putzbox.<\/p>\n<p>K\u00fchl Gel ist ein Produkt, dass bei allen entz\u00fcndlichen Prozessen oder Erm\u00fcdungserscheinungen von Muskeln, Sehnen und Gelenken eingesetzt werden kann. Vor allem nach anstrengenden und langen Ausritten, Trainings und Turnieren k\u00fchlt K\u00fchlgel Pferd-Hund bis zu 4 Stunden.<\/p>\n<p>The gel can be used for all blunt injuries such as a strain, bruise, sprain, contusion or bruise, but also for extreme stress on the musculoskeletal system during e.g. horseback riding, training, etc.<\/p>\n<p>K\u00fchlgel Pferd-Hund\u00a0 wirkt pr\u00e4ventiv gegen Schwellungen, Bluterg\u00fcsse, Muskelverspannungen und Gelenkschmerzen. Zudem wirkt es regenerierend und regt die Durchblutung an. Es lindert den Schmerz bei Schwellungen. Bei Insektenstichen verringert es durch die k\u00fchlende Wirkung den Juckreiz.<\/p>\n<p>Das K\u00fchlgel ist speziell f\u00fcr den Bewegungsapparat von Tieren entwickelt. K\u00e4lte unterst\u00fctzt gezielt den schmerzenden Bewegungsapparat des Tieres. Eine K\u00e4ltetherapie macht zudem Sinn, wenn das Tier an akuter Schmerzbeeintr\u00e4chtigung der Muskulatur, Erkrankungen der Sehnen, der Gelenke oder den B\u00e4ndern leidet. Hier beschleunigt das K\u00fchlgel Pferd\u00a0 die Regeneration der akuten leiden.<\/p>\n<p>Durch die spezielle Zusammensetzung des K\u00fchlgel Pferd-Hund\u00a0 und unser bew\u00e4hrtes CSS (Controlled Supply System), werden die entsprechenden Partien l\u00e4nger gek\u00fchlt und die Wirkstoffe kontinuierlich, langsam und gleichm\u00e4\u00dfig abgegeben.<\/p>\n<p>Cold but also warmth leads to relaxation, especially when it comes to stressed muscles, our animals are not much different from us humans. Unlike us, however, the possibilities to communicate are limited, so it is important to observe carefully. In case of any abnormalities, first talk to our <a href=\"https:\/\/phoenix-enzymreiniger.com\/phoenix-enzymreiniger-shop\/aran-ya-tierpflegeprodukte\/aran-ya-hund\/waermegel-pferd-hund-aran-ya\/\">Heat gel<\/a> oder K\u00e4lte Gel zu unterst\u00fctzen ist schonender als ggfls. gleich mit Medikamenten aufzufahren. Notfalls immer den Tierarzt hinzuziehen.<\/p>\n<p>Regeneration f\u00fcr beanspruchte Pferdebeine<\/p>\n<p>Hochwirksame K\u00fchl- und Pflegekomponenten im K\u00fchlgel Pferd-Hund erfrischen den <a href=\"https:\/\/de.wikipedia.org\/wiki\/St%C3%BCtz-_und_Bewegungsapparat\">Bewegungsapparat<\/a> des Pferdes oder Hundes. Intensive und nachhaltige K\u00fchlung f\u00fcr \u00fcberanstrengte und erm\u00fcdete Gelenke, B\u00e4nder, Sehnen und Muskeln.<\/p>\n<p>&nbsp;<\/p>\n<p>&nbsp;<\/p>\n<h5><span style=\"color: #0000ff;\">For maintenance cleaning or care around animal husbandry we recommend<\/span>: <a href=\"https:\/\/phoenix-enzymreiniger.com\/produkt\/phoenix-hund-katze-maus-geruchsentferner\/\">Phoenix Enzyme Cleaner<\/a><\/h5>","protected":false},"excerpt":{"rendered":"<p>K\u00fchlgel Pferd ARAN-YA 500 ml kann bei allen entz\u00fcndlichen Prozessen oder Erm\u00fcdungserscheinungen von Muskeln, Sehnen und Gelenken eingesetzt werden.<\/p>","protected":false},"featured_media":3157,"comment_status":"open","ping_status":"closed","template":"","meta":[],"product_brand":[421],"product_cat":[467,468,469],"product_tag":[],"class_list":{"0":"post-1560","1":"product","2":"type-product","3":"status-publish","4":"has-post-thumbnail","6":"product_brand-aran-ya","7":"product_cat-tierpflegeprodukte-unserer-partnerserie","8":"product_cat-aran-ya-tierpflegeprodukte-hund","9":"product_cat-aran-ya-tierpflegeprodukte-pferd","10":"product_shipping_class-dhl-bis-2-kg","12":"first","13":"instock","14":"purchasable","15":"product-type-simple"},"_links":{"self":[{"href":"https:\/\/phoenix-enzymreiniger.de\/en\/wp-json\/wp\/v2\/product\/1560","targetHints":{"allow":["GET"]}}],"collection":[{"href":"https:\/\/phoenix-enzymreiniger.de\/en\/wp-json\/wp\/v2\/product"}],"about":[{"href":"https:\/\/phoenix-enzymreiniger.de\/en\/wp-json\/wp\/v2\/types\/product"}],"replies":[{"embeddable":true,"href":"https:\/\/phoenix-enzymreiniger.de\/en\/wp-json\/wp\/v2\/comments?post=1560"}],"version-history":[{"count":1,"href":"https:\/\/phoenix-enzymreiniger.de\/en\/wp-json\/wp\/v2\/product\/1560\/revisions"}],"predecessor-version":[{"id":10085,"href":"https:\/\/phoenix-enzymreiniger.de\/en\/wp-json\/wp\/v2\/product\/1560\/revisions\/10085"}],"wp:featuredmedia":[{"embeddable":true,"href":"https:\/\/phoenix-enzymreiniger.de\/en\/wp-json\/wp\/v2\/media\/3157"}],"wp:attachment":[{"href":"https:\/\/phoenix-enzymreiniger.de\/en\/wp-json\/wp\/v2\/media?parent=1560"}],"wp:term":[{"taxonomy":"product_brand","embeddable":true,"href":"https:\/\/phoenix-enzymreiniger.de\/en\/wp-json\/wp\/v2\/product_brand?post=1560"},{"taxonomy":"product_cat","embeddable":true,"href":"https:\/\/phoenix-enzymreiniger.de\/en\/wp-json\/wp\/v2\/product_cat?post=1560"},{"taxonomy":"product_tag","embeddable":true,"href":"https:\/\/phoenix-enzymreiniger.de\/en\/wp-json\/wp\/v2\/product_tag?post=1560"}],"curies":[{"name":"wp","href":"https:\/\/api.w.org\/{rel}","templated":true}]}}