{"id":1567,"date":"2020-12-21T10:11:21","date_gmt":"2020-12-21T09:11:21","guid":{"rendered":"https:\/\/phoenix-enzymreiniger.com\/?post_type=product&#038;p=1567"},"modified":"2026-04-11T18:24:24","modified_gmt":"2026-04-11T16:24:24","slug":"waermegel-pferd-hund","status":"publish","type":"product","link":"https:\/\/phoenix-enzymreiniger.de\/en\/product\/waermegel-pferd-hund\/","title":{"rendered":"W\u00e4rmegel Pferd Hund"},"content":{"rendered":"<h1 style=\"text-align: center;\">W\u00e4rmegel Pferd Hund Nutztier (500ml)<\/h1>\n<p><strong>W\u00e4rmegel<\/strong> Pferd Hund Nutztier &#8211; Sie reiten gerne aus? Oder Sie reiten auf vielen Turnieren und trainieren deshalb oft und lange mit Ihrem Pferd? Dann g\u00f6nnen Sie Ihrem Pferd ein bisschen Wellness nach getaner Arbeit. Denn unser W\u00e4rmegel Pferd-Hund ARAN-YA geh\u00f6rt in jede Putzbox.<\/p>\n<p>Not only humans suffer from joint pain, tension and arthrosis, but also our horses have to struggle with these problems during the cold season. Here, as with us humans, it helps to use targeted warmth to alleviate the discomfort somewhat.<\/p>\n<p>Das W\u00e4rmegel wurde speziell f\u00fcr den Bewegungsapparat des Tieres entwickelt. W\u00e4rme unterst\u00fctzt gezielt den <a href=\"https:\/\/de.wikipedia.org\/wiki\/St%C3%BCtz-_und_Bewegungsapparat\">Bewegungsapparat<\/a> des Tieres bei chronischen Erkrankungen. Eine W\u00e4rmetherapie macht zudem Sinn, wenn das Tier an akuten Verspannungen der Muskulatur, Erkrankungen der Sehnen, der Gelenke oder den B\u00e4ndern leidet. Hier beschleunigt das ARAN-YA W\u00e4rme Gel die Regeneration der akuten leiden.<\/p>\n<p>The warming gel is anti-inflammatory, analgesic, promotes blood circulation, fights inflammation and accelerates the regeneration of your horse.<\/p>\n<p>Warmth, but also cold, leads to relaxation, especially when it comes to stressed muscles; in this respect, our animals do not differ much from us humans. Unlike us, however, the possibilities to communicate are limited, so it is important to observe carefully. In the case of conspicuousness, first treat with our warmth gel or\u00a0<a href=\"https:\/\/phoenix-enzymreiniger.com\/phoenix-enzymreiniger-shop\/aran-ya-tierpflegeprodukte\/aran-ya-hund\/kuehlgel-pferd-aran-ya\/\">Cold gel<\/a>\u00a0zu unterst\u00fctzen ist schonender als ggfls. gleich mit Medikamenten aufzufahren. Notfalls immer den Tierarzt hinzuziehen.<\/p>\n<ul>\n<li>REGENERATION M\u00dcDER MUSKELN: W\u00e4rmegel Pferd Hund Nutztier<br \/>\nist eine intensive K\u00f6rperpflege mit nat\u00fcrlichen Pflanzenextrakten-\u00d6len und extra starker Wirkung. Durch eine Massage mit dem aromatisch duftenden Gel entfaltet sich ein wohltuender W\u00e4rmeeffekt auf der Haut, der besonders nach k\u00f6rperlicher Belastung sehr angenehm ist.<\/li>\n<li>WERTVOLLE INHALTSSTOFFE: Das Gel mit einem hohen Feuchtigkeitsgehalt enth\u00e4lt wertvolle, nat\u00fcrliche Extrakte sowie \u00d6le. Ideal anwendbar zur regenerierenden und aufw\u00e4rmenden Massage m\u00fcder Muskeln und Gelenke.<\/li>\n<li>BESONDERHEITEN: Ideal zur regenerierenden Massage m\u00fcder Muskeln nach dem Sport oder nach k\u00f6rperlicher Belastung. Das Massagegel aktiviert die Durchblutung, wodurch ein W\u00e4rmegef\u00fchl entsteht. Es kann sich beruhigend auf beanspruchte Muskeln und Gelenke auswirken sowie Verspannungen l\u00f6sen. Der W\u00e4rme-Effekt kann je nach Menge des verwendeten Gels reguliert werden und w\u00e4rmt insbesondere in der kalten Jahreszeit.<\/li>\n<\/ul>\n<p>Zur Unterhaltsreinigung oder Pflege rund um Tierhaltung empfehlen wir: <a style=\"font-size: 1.11em; font-family: var( --e-global-typography-text-font-family ), Sans-serif; font-weight: var( --e-global-typography-text-font-weight ); background-color: #ffffff;\" href=\"https:\/\/phoenix-enzymreiniger.com\/produkt\/phoenix-hund-katze-maus-geruchsentferner\/\">Phoenix Enzyme Cleaner<\/a><\/p>","protected":false},"excerpt":{"rendered":"<p>ARAN-YA Horse-Dog Warming Gel was specially developed for the musculoskeletal system. Heat specifically supports the musculoskeletal system of the animal.<\/p>","protected":false},"featured_media":3137,"comment_status":"open","ping_status":"closed","template":"","meta":[],"product_brand":[421],"product_cat":[467,468,469],"product_tag":[],"class_list":{"0":"post-1567","1":"product","2":"type-product","3":"status-publish","4":"has-post-thumbnail","6":"product_brand-aran-ya","7":"product_cat-tierpflegeprodukte-unserer-partnerserie","8":"product_cat-aran-ya-tierpflegeprodukte-hund","9":"product_cat-aran-ya-tierpflegeprodukte-pferd","10":"product_shipping_class-dhl-bis-2-kg","12":"first","13":"instock","14":"purchasable","15":"product-type-simple"},"_links":{"self":[{"href":"https:\/\/phoenix-enzymreiniger.de\/en\/wp-json\/wp\/v2\/product\/1567","targetHints":{"allow":["GET"]}}],"collection":[{"href":"https:\/\/phoenix-enzymreiniger.de\/en\/wp-json\/wp\/v2\/product"}],"about":[{"href":"https:\/\/phoenix-enzymreiniger.de\/en\/wp-json\/wp\/v2\/types\/product"}],"replies":[{"embeddable":true,"href":"https:\/\/phoenix-enzymreiniger.de\/en\/wp-json\/wp\/v2\/comments?post=1567"}],"version-history":[{"count":1,"href":"https:\/\/phoenix-enzymreiniger.de\/en\/wp-json\/wp\/v2\/product\/1567\/revisions"}],"predecessor-version":[{"id":10084,"href":"https:\/\/phoenix-enzymreiniger.de\/en\/wp-json\/wp\/v2\/product\/1567\/revisions\/10084"}],"wp:featuredmedia":[{"embeddable":true,"href":"https:\/\/phoenix-enzymreiniger.de\/en\/wp-json\/wp\/v2\/media\/3137"}],"wp:attachment":[{"href":"https:\/\/phoenix-enzymreiniger.de\/en\/wp-json\/wp\/v2\/media?parent=1567"}],"wp:term":[{"taxonomy":"product_brand","embeddable":true,"href":"https:\/\/phoenix-enzymreiniger.de\/en\/wp-json\/wp\/v2\/product_brand?post=1567"},{"taxonomy":"product_cat","embeddable":true,"href":"https:\/\/phoenix-enzymreiniger.de\/en\/wp-json\/wp\/v2\/product_cat?post=1567"},{"taxonomy":"product_tag","embeddable":true,"href":"https:\/\/phoenix-enzymreiniger.de\/en\/wp-json\/wp\/v2\/product_tag?post=1567"}],"curies":[{"name":"wp","href":"https:\/\/api.w.org\/{rel}","templated":true}]}}