{"id":688,"date":"2020-11-06T20:03:40","date_gmt":"2020-11-06T19:03:40","guid":{"rendered":"https:\/\/phoenix-enzymreiniger.com\/?post_type=product&#038;p=688"},"modified":"2026-04-11T18:24:38","modified_gmt":"2026-04-11T16:24:38","slug":"grauer-riese-schmutzradierer","status":"publish","type":"product","link":"https:\/\/phoenix-enzymreiniger.de\/en\/product\/grauer-riese-schmutzradierer\/","title":{"rendered":"Grauer Riese Schmutzradierer DISK 12cm x 3cm"},"content":{"rendered":"<h1 style=\"text-align: center;\">Grauer Riese Schmutzradierer DISK &#8211; Stern &#8211; Quader<\/h1>\n<p style=\"text-align: center;\" data-path-to-node=\"4,1\"><strong><em>Aufgrund der aktuell sehr hohen Nachfrage passen wir uns flexibel an: Wir liefern unsere praktischen Reinigungshilfen (Schmutzradierer) in den jeweils aktuell verf\u00fcgbaren Formen \u2013 als Stern, Disk oder Rechteck.<\/em><\/strong><\/p>\n<p style=\"text-align: center;\" data-path-to-node=\"4,2\"><strong><em>Unabh\u00e4ngig von der Form garantieren wir dir die gewohnte Unterst\u00fctzung f\u00fcr deinen Phoenix Enzymreiniger. Hinweis: Dieses Zubeh\u00f6r stammt aus externer Fertigung und wurde von uns sorgf\u00e4ltig f\u00fcr dich gepr\u00fcft.<\/em><\/strong><\/p>\n<p>Grauer Riese Schmutzradierer, Premium Werkzeug mit grandioser Kraft und Einsatzm\u00f6glichkeit.<\/p>\n<p>(Not comparable to the white thin crumbly sponges).<\/p>\n<ul>\n<li>Rims black from burnt-in brake dust.<\/li>\n<li>The windscreens and headlights covered with dried flies.<\/li>\n<li>Dirt. Rubber or plastic abrasion on the car paint.<\/li>\n<li>Unsightly car seats and headliners.<\/li>\n<\/ul>\n<p>All applications for the <strong>GREY GIANT DIRT ERASER<\/strong>. Because the problems listed, you can easily solve with the GREY GIANT DIRTY EDGER and water.<\/p>\n<p>The GREY GIANT DUST ERADER is a real cleaning giant. In addition, it has not been chemically bleached in an environmentally harmful way, which gives the grey giant a better, more resilient structure. Because apart from the optical intention, bleaching the material has no added value - on the contrary.<\/p>\n<p>But the GREY GIANT DUST ERADER is not only a real giant in the automotive sector. It works without the aid of chemicals.<\/p>\n<p><strong>(Vorsichtige bei Lack und Hochglanzfl\u00e4chen denn der Riese hat es in sich)<\/strong><\/p>\n<ul>\n<li>Shoe polish or rubber abrasion from shoes on doors and door frames.<\/li>\n<li>Yellowed cable ducts and light switches.<\/li>\n<li>Dirty window frames,.<\/li>\n<li>Artwork painted by children on furniture.<\/li>\n<li>Biros from Smooth Leather.<\/li>\n<li>Shoe polish and strips of tiles.<\/li>\n<li>Permanent marker from smooth surfaces.<\/li>\n<li>Dirt residues such as oil, grease, soot, waxes, crayons, highlighters, etc. from almost all surfaces!<\/li>\n<\/ul>\n<h3>Your benefit.<\/h3>\n<p>You no longer have to spend a lot of money on special cleaners. Because from now on, the GREY GIANT DUST ERADER will be enough for you and that means, above all, that you will use fewer chemicals that are harmful to the environment.<\/p>\n<p>GREY GIANTS is a highly effective DIRTY CLEANER. Firstly, the innovative product allows thorough cleaning without harmful substances, using only a little clean water. Secondly, the product is used for the pre-cleaning of surfaces and thirdly, you can perform the necessary pre-cleaning with the Grey Giant in order to be coated with our sealants. Because sealed surfaces require fewer cleaning intervals and automatically less pollution of the environment.<\/p>\n<p>Perfect in cooperation with our Phoenix enzyme cleaner, 100% waste water neutral, non-caustic, non-attenuating. Because the two products harmonise just by not using chemicals. We personally use the Grey Giant with every <a href=\"https:\/\/phoenix-enzymreiniger.com\/professionelle-saunareinigung\/\">Sauna cleaning<\/a> ein. Zur Transportoptimierung, ausschlie\u00dflich um Ihnen Versandkosten zu sparen, versenden wir die 3 Schmutzradierer &#8220;Vakuumiert&#8221; im Folienbeutel, es sei denn wir k\u00f6nne durch Chross-Over-Verk\u00e4ufe eine Paketeinheit generieren.<\/p>","protected":false},"excerpt":{"rendered":"<p>Grey Giant Dirt Eraser Set of 3, Premium Tool <strong>\u00a0<\/strong>mit grandioser Kraft und Einsatzm\u00f6glichkeit. Zur Transportoptimierung, versenden wir die Produkte, ausschlie\u00dflich um Ihnen Versandkosten zu sparen, &#8220;Vakuumiert&#8221; im Folienbeutel, es sei denn, wir k\u00f6nnen durch crossover Verk\u00e4ufe eine Paketeinheit generieren.<\/p>","protected":false},"featured_media":11413,"comment_status":"open","ping_status":"closed","template":"","meta":[],"product_brand":[],"product_cat":[102],"product_tag":[],"class_list":{"0":"post-688","1":"product","2":"type-product","3":"status-publish","4":"has-post-thumbnail","6":"product_cat-hilfsprodukte-phoenix","7":"pa_stueck-3-stueck","8":"pa_stueck-10-stueck","9":"pa_stueck-50-stueck","11":"first","12":"instock","13":"purchasable","14":"product-type-variable"},"_links":{"self":[{"href":"https:\/\/phoenix-enzymreiniger.de\/en\/wp-json\/wp\/v2\/product\/688","targetHints":{"allow":["GET"]}}],"collection":[{"href":"https:\/\/phoenix-enzymreiniger.de\/en\/wp-json\/wp\/v2\/product"}],"about":[{"href":"https:\/\/phoenix-enzymreiniger.de\/en\/wp-json\/wp\/v2\/types\/product"}],"replies":[{"embeddable":true,"href":"https:\/\/phoenix-enzymreiniger.de\/en\/wp-json\/wp\/v2\/comments?post=688"}],"version-history":[{"count":3,"href":"https:\/\/phoenix-enzymreiniger.de\/en\/wp-json\/wp\/v2\/product\/688\/revisions"}],"predecessor-version":[{"id":11415,"href":"https:\/\/phoenix-enzymreiniger.de\/en\/wp-json\/wp\/v2\/product\/688\/revisions\/11415"}],"wp:featuredmedia":[{"embeddable":true,"href":"https:\/\/phoenix-enzymreiniger.de\/en\/wp-json\/wp\/v2\/media\/11413"}],"wp:attachment":[{"href":"https:\/\/phoenix-enzymreiniger.de\/en\/wp-json\/wp\/v2\/media?parent=688"}],"wp:term":[{"taxonomy":"product_brand","embeddable":true,"href":"https:\/\/phoenix-enzymreiniger.de\/en\/wp-json\/wp\/v2\/product_brand?post=688"},{"taxonomy":"product_cat","embeddable":true,"href":"https:\/\/phoenix-enzymreiniger.de\/en\/wp-json\/wp\/v2\/product_cat?post=688"},{"taxonomy":"product_tag","embeddable":true,"href":"https:\/\/phoenix-enzymreiniger.de\/en\/wp-json\/wp\/v2\/product_tag?post=688"}],"curies":[{"name":"wp","href":"https:\/\/api.w.org\/{rel}","templated":true}]}}