{"id":8132,"date":"2025-11-01T06:29:29","date_gmt":"2025-11-01T05:29:29","guid":{"rendered":"https:\/\/phoenix-enzymreiniger.com\/?post_type=product&#038;p=8132"},"modified":"2026-02-11T19:15:54","modified_gmt":"2026-02-11T18:15:54","slug":"trinkwasserzusatz-zur-hundezahnpflege","status":"publish","type":"product","link":"https:\/\/phoenix-enzymreiniger.de\/en\/product\/trinkwasserzusatz-zur-hundezahnpflege\/","title":{"rendered":"Trinkwasserzusatz zur Hundezahnpflege"},"content":{"rendered":"<h1 class=\"product-meta__title heading h3\" style=\"text-align: center;\"><span style=\"color: #ff9900;\">Trinkwasserzusatz zur Hundezahnpflege<\/span><\/h1>\n<p dir=\"ltr\">Der innovative <span style=\"color: #ff9900;\"><span style=\"color: #000000;\">Trinkwasserzusatz zur Hundezahnpflege<\/span>\u00a0<\/span>ist ein Fl\u00fcssigkonzentrat das speziell zur F\u00f6rderung der Zahnhygiene von Hunden entwickelt wurde, reduziert Zahnsteinbildung und Mundgeruch, ohne die nat\u00fcrliche Magen- und Darmflora zu beeintr\u00e4chtigen. Das Produkt enth\u00e4lt nat\u00fcrliche Inhaltsstoffe und ist frei von k\u00fcnstlichen Konservierungsstoffen, Farbstoffen und Zuckerzus\u00e4tzen.<b><\/b><\/p>\n<p dir=\"ltr\"><strong>Eigenschaften:<\/strong><\/p>\n<ul>\n<li dir=\"ltr\" aria-level=\"1\">\n<p dir=\"ltr\" role=\"presentation\">Reduziert Plaque und Zahnstein<\/p>\n<\/li>\n<li dir=\"ltr\" aria-level=\"1\">\n<p dir=\"ltr\" role=\"presentation\">Erfrischt den Atem<\/p>\n<\/li>\n<li dir=\"ltr\" aria-level=\"1\">\n<p dir=\"ltr\" role=\"presentation\">F\u00f6rdert die Zahngesundheit<\/p>\n<\/li>\n<li dir=\"ltr\" aria-level=\"1\">\n<p dir=\"ltr\" role=\"presentation\">Sicher f\u00fcr die Verdauung, frei von Inhaltsstoffen, die die Magen- oder Darmflora des Hundes st\u00f6ren k\u00f6nnten.<\/p>\n<\/li>\n<li dir=\"ltr\" aria-level=\"1\">\n<p dir=\"ltr\" role=\"presentation\">Nat\u00fcrliche Inhaltsstoffe<\/p>\n<\/li>\n<li dir=\"ltr\" aria-level=\"1\">\n<p dir=\"ltr\" role=\"presentation\">Einfach anzuwenden, ohne B\u00fcrsten<\/p>\n<\/li>\n<li dir=\"ltr\" aria-level=\"1\">\n<p dir=\"ltr\" role=\"presentation\">Sehr ergiebig<\/p>\n<\/li>\n<\/ul>\n<p dir=\"ltr\"><strong>Anwendungsgebiete:<\/strong><\/p>\n<p dir=\"ltr\">Der ARAN-YA Trinkwasserzusatz f\u00fcr Hunde ist f\u00fcr verschiedene Anwendungsgebiete sinnvoll, insbesondere zur Unterst\u00fctzung der Zahnhygiene und der allgemeinen Mundgesundheit. Hier sind die wichtigsten Einsatzgebiete:<\/p>\n<ul>\n<li dir=\"ltr\" aria-level=\"1\">\n<p dir=\"ltr\" role=\"presentation\">Vorbeugung und Reduktion von Zahnbelag und Zahnstein: Mundsp\u00fclungen mit Plaque-Bek\u00e4mpfung k\u00f6nnen helfen, die Bildung von Zahnbelag und Zahnstein zu verringern, was das Risiko f\u00fcr Parodontal-Erkrankungen reduziert. Die enthaltenen Enzyme und antimikrobiellen Wirkstoffe hemmen die Ansammlung von Bel\u00e4gen<\/p>\n<\/li>\n<li dir=\"ltr\" aria-level=\"1\">\n<p dir=\"ltr\" role=\"presentation\">Bek\u00e4mpfung von Mundgeruch: der ARAN-YA Trinkwasserzusatz enth\u00e4lt die \u00e4therische \u00d6le wie Pfefferminz\u00f6l. Diese helfen schlechten Atem zu neutralisieren. Dies ist besonders n\u00fctzlich bei Hunden, die zu Mundgeruch neigen<\/p>\n<\/li>\n<li dir=\"ltr\" aria-level=\"1\">\n<p dir=\"ltr\" role=\"presentation\">Unterst\u00fctzung der Zahnfleischgesundheit: durch die Aufnahme mit dem Trinkwasser gelangen die beruhigenden Inhaltsstoffen in den Mundraum. Kamille oder Aloe Vera wirken entz\u00fcndungshemmend und k\u00f6nnen helfen, gereiztes oder empfindliches Zahnfleisch zu beruhigen. Das ist hilfreich bei Hunden, die an Zahnfleischentz\u00fcndungen leiden.<\/p>\n<\/li>\n<li dir=\"ltr\" aria-level=\"1\">\n<p dir=\"ltr\" role=\"presentation\">Antibakterielle Wirkung:\u00a0 Inhaltsstoffe wie Kokos\u00f6l oder Senf\u00f6l wirken antimikrobiell und k\u00f6nnen das Wachstum sch\u00e4dlicher Bakterien im Maul des Hundes reduzieren. Dies kann Infektionen vorbeugen und die Mundgesundheit verbessern.<\/p>\n<\/li>\n<li dir=\"ltr\" aria-level=\"1\">\n<p dir=\"ltr\" role=\"presentation\">Unterst\u00fctzung bei Zahnfleischerkrankungen (z. B. Gingivitis): bei Hunden mit bestehenden Zahnfleischerkrankungen k\u00f6nnen spezielle Mundsp\u00fclungen helfen, Entz\u00fcndungen zu lindern und den Heilungsprozess zu unterst\u00fctzen.<\/p>\n<\/li>\n<li dir=\"ltr\" aria-level=\"1\">\n<p dir=\"ltr\" role=\"presentation\">Erg\u00e4nzung zur t\u00e4glichen Zahnhygiene: Wenn eine regelm\u00e4\u00dfige Zahnpflege mit einer Zahnb\u00fcrste schwierig ist, kann der Trinkwasserzusatz eine wertvolle Erg\u00e4nzung sein, um die Mundgesundheit des Hundes zu f\u00f6rdern und den Aufwand zu minimieren<\/p>\n<\/li>\n<\/ul>\n<p dir=\"ltr\"><strong>Nebenwirkungen:<\/strong><\/p>\n<p dir=\"ltr\">Bisher sind keine negativen Folgen bei der Verwendung des ARAN-YA Hundedentalsprays\u00a0 bekannt.<b><\/b><\/p>\n<p dir=\"ltr\"><strong>Haltbarkeit:<\/strong><\/p>\n<p dir=\"ltr\">Im Originalgebinde mindestens 12 Monate haltbar.\u00a0<b><\/b><\/p>\n<p dir=\"ltr\"><strong>Warnhinweise:<\/strong><\/p>\n<ul>\n<li dir=\"ltr\" aria-level=\"1\">\n<p dir=\"ltr\" role=\"presentation\">Vor Kindern unzug\u00e4nglich aufbewahren<\/p>\n<\/li>\n<li dir=\"ltr\" aria-level=\"1\">\n<p dir=\"ltr\" role=\"presentation\">Kontakt mit Augen, und Schleimh\u00e4uten vermeiden<\/p>\n<\/li>\n<li dir=\"ltr\" aria-level=\"1\">\n<p dir=\"ltr\" role=\"presentation\">\u00c4therische \u00d6le k\u00f6nnen zu allergischen Reaktionen der Haut f\u00fchren<\/p>\n<\/li>\n<li dir=\"ltr\" aria-level=\"1\">\n<p dir=\"ltr\" role=\"presentation\">H\u00e4nde waschen<\/p>\n<\/li>\n<li dir=\"ltr\" aria-level=\"1\">\n<p dir=\"ltr\" role=\"presentation\">Bei anhaltenden Zahnproblemen oder empfindlichem Zahnfleisch einen Tierarzt konsultieren<\/p>\n<\/li>\n<\/ul>\n<p dir=\"ltr\"><strong>Umwelt:<\/strong>\u00a0Verpackungsentsorgung gem\u00e4\u00df \u00f6rtlichen und nationalen Bestimmungen.<b><\/b><\/p>\n<p dir=\"ltr\"><strong>Empfehlungen:<\/strong><\/p>\n<p dir=\"ltr\">F\u00fcr eine umfassende Pflege der Z\u00e4hne von Hunden ist es sinnvoll die ARAN-YA Zahncreme f\u00fcr Hunde anzuwenden, erg\u00e4nzend kann das ARAN-YA Mundwasser f\u00fcr Hunde oder der ARAN-YA Trinkwasserzusatz eingesetzt werden.\u00a0<b><\/b><\/p>\n<p dir=\"ltr\"><strong>Herstellerinformationen:<\/strong><\/p>\n<p dir=\"ltr\">ARAN-YA Tierpflegeprodukte ist ein Unternehmen, das sich auf die Entwicklung und Herstellung hochwertiger Pflegeprodukte f\u00fcr Tiere spezialisiert hat. Die Firma legt besonderen Wert auf nat\u00fcrliche Inhaltsstoffe und nachhaltige Produktion, um die Gesundheit und das Wohlbefinden von Haustieren und Nutztieren zu f\u00f6rdern.<\/p>\n<p dir=\"ltr\">Das Sortiment umfasst mehr als 40 Produkte f\u00fcr Pferde, Hund und andere Haustiere. Die tierfreundlichen L\u00f6sungen werden sowohl von Tierhaltern als auch von Profis in der Tierpflege gesch\u00e4tzt. ARAN-YA steht f\u00fcr Qualit\u00e4t, Umweltbewusstsein und innovative Ans\u00e4tze in der Tierpflegebranche.<\/p>\n<p dir=\"ltr\">Die Firma ARAN-YA wurde 2010 gegr\u00fcndet. In Zusammenarbeit mit Tierhaltern, Gest\u00fcten, Tierpflegern und Tier\u00e4rzten wurden und werden die Pflegeprodukte ohne Tierversuche entwickelt. Die Anforderungen der Kunden wurden immer ernst genommen. Die Produkte werden in Deutschland entwickelt und hergestellt. Die Produktion bei ARAN-YA unterliegt strengen Hygienepr\u00fcfungen.<\/p>","protected":false},"excerpt":{"rendered":"<p>Eczema Care Dog by ARAN-YA for the treatment of eczema on the dog's skin.<\/p>","protected":false},"featured_media":8139,"comment_status":"open","ping_status":"closed","template":"","meta":[],"product_brand":[421],"product_cat":[467,468],"product_tag":[],"class_list":{"0":"post-8132","1":"product","2":"type-product","3":"status-publish","4":"has-post-thumbnail","6":"product_brand-aran-ya","7":"product_cat-tierpflegeprodukte-unserer-partnerserie","8":"product_cat-aran-ya-tierpflegeprodukte-hund","9":"product_shipping_class-dhl-bis-2-kg","11":"first","12":"instock","13":"purchasable","14":"product-type-variable","15":"has-default-attributes"},"_links":{"self":[{"href":"https:\/\/phoenix-enzymreiniger.de\/en\/wp-json\/wp\/v2\/product\/8132","targetHints":{"allow":["GET"]}}],"collection":[{"href":"https:\/\/phoenix-enzymreiniger.de\/en\/wp-json\/wp\/v2\/product"}],"about":[{"href":"https:\/\/phoenix-enzymreiniger.de\/en\/wp-json\/wp\/v2\/types\/product"}],"replies":[{"embeddable":true,"href":"https:\/\/phoenix-enzymreiniger.de\/en\/wp-json\/wp\/v2\/comments?post=8132"}],"version-history":[{"count":1,"href":"https:\/\/phoenix-enzymreiniger.de\/en\/wp-json\/wp\/v2\/product\/8132\/revisions"}],"predecessor-version":[{"id":10191,"href":"https:\/\/phoenix-enzymreiniger.de\/en\/wp-json\/wp\/v2\/product\/8132\/revisions\/10191"}],"wp:featuredmedia":[{"embeddable":true,"href":"https:\/\/phoenix-enzymreiniger.de\/en\/wp-json\/wp\/v2\/media\/8139"}],"wp:attachment":[{"href":"https:\/\/phoenix-enzymreiniger.de\/en\/wp-json\/wp\/v2\/media?parent=8132"}],"wp:term":[{"taxonomy":"product_brand","embeddable":true,"href":"https:\/\/phoenix-enzymreiniger.de\/en\/wp-json\/wp\/v2\/product_brand?post=8132"},{"taxonomy":"product_cat","embeddable":true,"href":"https:\/\/phoenix-enzymreiniger.de\/en\/wp-json\/wp\/v2\/product_cat?post=8132"},{"taxonomy":"product_tag","embeddable":true,"href":"https:\/\/phoenix-enzymreiniger.de\/en\/wp-json\/wp\/v2\/product_tag?post=8132"}],"curies":[{"name":"wp","href":"https:\/\/api.w.org\/{rel}","templated":true}]}}