{"id":8144,"date":"2025-11-01T07:02:41","date_gmt":"2025-11-01T06:02:41","guid":{"rendered":"https:\/\/phoenix-enzymreiniger.com\/?post_type=product&#038;p=8144"},"modified":"2026-04-11T18:25:10","modified_gmt":"2026-04-11T16:25:10","slug":"zahnsteinloeser-fuer-hunde-125-ml","status":"publish","type":"product","link":"https:\/\/phoenix-enzymreiniger.de\/en\/product\/zahnsteinloeser-fuer-hunde-125-ml\/","title":{"rendered":"Zahnsteinl\u00f6ser f\u00fcr Hunde 125ml"},"content":{"rendered":"<h1 class=\"product-meta__title heading h3\" style=\"text-align: center;\"><span style=\"color: #ff6600;\">Zahnsteinl\u00f6ser f\u00fcr Hunde 125 ml<\/span><\/h1>\n<p dir=\"ltr\">Der Zahnsteinl\u00f6ser f\u00fcr Hunde ist ein Produkt zur Unterst\u00fctzung der Mund- und Zahnhygiene von Hunden. Die gezielt ausgew\u00e4hlten Inhaltsstoffe helfen dabei Plaque\/Bel\u00e4ge sanft zu l\u00f6sen und die Z\u00e4hne sauber und frisch zu halten. Die regelm\u00e4\u00dfige Anwendung des Zahnsteinl\u00f6sers hilft Mundflora zu pflegen, Mundgeruch zu verringern und das Risiko von Zahnproblemen zu minimieren.<b><\/b><\/p>\n<p dir=\"ltr\"><strong>Eigenschaften:<\/strong><\/p>\n<p dir=\"ltr\">Der Zahnsteinl\u00f6ser f\u00fcr Hunde f\u00f6rdert die Maulhygiene von Hunden. Dies wird erreicht durch:<\/p>\n<ul>\n<li dir=\"ltr\" aria-level=\"1\">\n<p dir=\"ltr\" role=\"presentation\">pflegt Z\u00e4hne und Zahnfleisch durch nat\u00fcrliche Planzenextrakte<\/p>\n<\/li>\n<li dir=\"ltr\" aria-level=\"1\">\n<p dir=\"ltr\" role=\"presentation\">reduziert die Neubildung von Plaque und Zahnstein bei regelm\u00e4\u00dfiger Anwendung<\/p>\n<\/li>\n<li dir=\"ltr\" aria-level=\"1\">\n<p dir=\"ltr\" role=\"presentation\">sorgt f\u00fcr frischen Atem und ein gepflegtes Maulgef\u00fchl<\/p>\n<\/li>\n<li dir=\"ltr\" aria-level=\"1\">\n<p dir=\"ltr\" role=\"presentation\">ohne k\u00fcnstliche Zus\u00e4tze &#8211; sanft und gut vertr\u00e4glich<\/p>\n<\/li>\n<li dir=\"ltr\" aria-level=\"1\">\n<p dir=\"ltr\" role=\"presentation\">ideal als Teil der t\u00e4glichen Pflegeroutinge &#8211; f\u00fcr ein strahlendes Hundel\u00e4cheln und ein rundum gepflegtes Maul<\/p>\n<\/li>\n<li dir=\"ltr\" aria-level=\"1\">\n<p dir=\"ltr\" role=\"presentation\">enth\u00e4lt keine f\u00fcr Hunde sch\u00e4dlichen Substanzen wie Fluorid bei Verschlucken<\/p>\n<\/li>\n<li dir=\"ltr\" aria-level=\"1\">\n<p dir=\"ltr\" role=\"presentation\">geeignet f\u00fcr alle Hunderassen<\/p>\n<\/li>\n<\/ul>\n<p dir=\"ltr\"><strong>Nebenwirkungen:<\/strong><\/p>\n<p dir=\"ltr\">Bisher sind keine negativen Folgen bei der Verwendung der\u00a0Zahnsteinl\u00f6ser f\u00fcr Hunde bekannt.<b><\/b><\/p>\n<p dir=\"ltr\"><strong>Haltbarkeit:<\/strong><\/p>\n<p dir=\"ltr\">Im Originalgebinde mindestens 12 Monate haltbar. Nach Erst\u00f6ffnung innerhalb von 6 Monaten aufbrauchen.<b><\/b><\/p>\n<p dir=\"ltr\"><strong>Empfehlungen:<\/strong><\/p>\n<p dir=\"ltr\">Die Zahnpflege bei Hunden sollte genau so regelm\u00e4\u00dfig durchgef\u00fchrt werden wie bei Menschen. Wir empfehlen eine kombinierte Zahnpflege, neben dem regelm\u00e4\u00dfigen Putzen der Z\u00e4hne (2-3 mal w\u00f6chentlich) kann dazu abwechselnd:<\/p>\n<ul>\n<li dir=\"ltr\" aria-level=\"1\">\n<p dir=\"ltr\" role=\"presentation\">das ARAN-YA Dentalspray f\u00fcr Hunde oder<\/p>\n<\/li>\n<li dir=\"ltr\" aria-level=\"1\">\n<p dir=\"ltr\" role=\"presentation\">der ARAN-YA Trinkwasserzusatz f\u00fcr Hunde<\/p>\n<\/li>\n<\/ul>\n<p dir=\"ltr\">angewendet werden.<\/p>\n<p dir=\"ltr\">Damit verhindert man die Neubildung von Zahnstein.<b><\/b><\/p>\n<p dir=\"ltr\"><strong>Umwelt:<\/strong><\/p>\n<p dir=\"ltr\">Verpackungsentsorgung gem\u00e4\u00df \u00f6rtlichen und nationalen Bestimmungen.<b><\/b><\/p>\n<p dir=\"ltr\">Inhaltsstoffe:<\/p>\n<ul>\n<li>demineralisiertes Wasser: Basisfl\u00fcssigkeit f\u00fcr die Formel, sorgt f\u00fcr die notwendige Feuchtigkeit<\/li>\n<li>Rimulgan: Emulgator, sorgt f\u00fcr die gleichm\u00e4\u00dfige Verteilung der Inhaltsstoffe<\/li>\n<li>Kokos\u00f6l: Unterst\u00fctzt die Entfernung von Plaque und wirkt antibakteriell, pflegt Zahnfleisch und Z\u00e4hne<\/li>\n<li>Kamille: Beruhigend f\u00fcr das Zahnfleisch und entz\u00fcndungshemmend, reduziert Reizungen<\/li>\n<li>Senf\u00f6l: Wirkt entz\u00fcndungshemmend und antiseptisch<\/li>\n<li>Glycerin: Feuchtigkeitsspender verhindert Trockenheit im Mundbereich<\/li>\n<li>Natron: Sanftes Schleifmittel, neutralisiert Mundgeruch und unterst\u00fctzt die Zahnsteinentfernung<\/li>\n<li>Kiesels\u00e4ure: Schleifmittel, das hilft, Zahnstein zu entfernen, ohne den Zahnschmelz zu besch\u00e4digen.<\/li>\n<li>Enzyme: Unterst\u00fctzen den nat\u00fcrlichen Abbau von Plaque und f\u00f6rdern die Mundhygiene.<\/li>\n<li>Minz\u00f6l: Sorgt f\u00fcr frischen Atem und wirkt antibakteriell.<\/li>\n<li>Kreuzk\u00fcmmel\u00f6l: Antioxidativ und entz\u00fcndungshemmend, unterst\u00fctzt die Mundgesundheit<\/li>\n<li>Thymian: Nat\u00fcrliches Antiseptikum, unterst\u00fctzt die Zahnfleischgesundheit und bek\u00e4mpft Bakterien<\/li>\n<\/ul>\n<p dir=\"ltr\"><strong>Herstellerinformationen:\u00a0<\/strong><\/p>\n<p dir=\"ltr\">ARAN-YA Tierpflegeprodukte ist ein Unternehmen, das sich auf die Entwicklung und Herstellung hochwertiger Pflegeprodukte f\u00fcr Tiere spezialisiert hat. Die Firma legt besonderen Wert auf nat\u00fcrliche Inhaltsstoffe und nachhaltige Produktion, um die Gesundheit und das Wohlbefinden von Haustieren und Nutztieren zu f\u00f6rdern.<b><\/b><\/p>\n<p dir=\"ltr\">Das Sortiment umfasst mehr als 40 Produkte f\u00fcr Pferde, Hund und andere Haustiere. Die tierfreundlichen L\u00f6sungen werden sowohl von Tierhaltern als auch von Profis in der Tierpflege gesch\u00e4tzt. ARAN-YA steht f\u00fcr Qualit\u00e4t, Umweltbewusstsein und innovative Ans\u00e4tze in der Tierpflegebranche.<\/p>\n<p dir=\"ltr\">Die Firma ARAN-YA wurde 2010 gegr\u00fcndet. In Zusammenarbeit mit Tierhaltern, Gest\u00fcten, Tierpflegern und Tier\u00e4rzten wurden und werden die Pflegeprodukte ohne Tierversuche entwickelt. Die Anforderungen der Kunden wurden immer ernst genommen. Die Produkte werden in Deutschland entwickelt und hergestellt. Die Produktion bei ARAN-YA unterliegt strengen Hygienepr\u00fcfungen.<\/p>","protected":false},"excerpt":{"rendered":"<p>Eczema Care Dog by ARAN-YA for the treatment of eczema on the dog's skin.<\/p>","protected":false},"featured_media":8148,"comment_status":"open","ping_status":"closed","template":"","meta":[],"product_brand":[421],"product_cat":[467,468],"product_tag":[],"class_list":{"0":"post-8144","1":"product","2":"type-product","3":"status-publish","4":"has-post-thumbnail","6":"product_brand-aran-ya","7":"product_cat-tierpflegeprodukte-unserer-partnerserie","8":"product_cat-aran-ya-tierpflegeprodukte-hund","9":"product_shipping_class-dhl-bis-2-kg","11":"first","12":"instock","13":"purchasable","14":"product-type-simple"},"_links":{"self":[{"href":"https:\/\/phoenix-enzymreiniger.de\/en\/wp-json\/wp\/v2\/product\/8144","targetHints":{"allow":["GET"]}}],"collection":[{"href":"https:\/\/phoenix-enzymreiniger.de\/en\/wp-json\/wp\/v2\/product"}],"about":[{"href":"https:\/\/phoenix-enzymreiniger.de\/en\/wp-json\/wp\/v2\/types\/product"}],"replies":[{"embeddable":true,"href":"https:\/\/phoenix-enzymreiniger.de\/en\/wp-json\/wp\/v2\/comments?post=8144"}],"version-history":[{"count":1,"href":"https:\/\/phoenix-enzymreiniger.de\/en\/wp-json\/wp\/v2\/product\/8144\/revisions"}],"predecessor-version":[{"id":10190,"href":"https:\/\/phoenix-enzymreiniger.de\/en\/wp-json\/wp\/v2\/product\/8144\/revisions\/10190"}],"wp:featuredmedia":[{"embeddable":true,"href":"https:\/\/phoenix-enzymreiniger.de\/en\/wp-json\/wp\/v2\/media\/8148"}],"wp:attachment":[{"href":"https:\/\/phoenix-enzymreiniger.de\/en\/wp-json\/wp\/v2\/media?parent=8144"}],"wp:term":[{"taxonomy":"product_brand","embeddable":true,"href":"https:\/\/phoenix-enzymreiniger.de\/en\/wp-json\/wp\/v2\/product_brand?post=8144"},{"taxonomy":"product_cat","embeddable":true,"href":"https:\/\/phoenix-enzymreiniger.de\/en\/wp-json\/wp\/v2\/product_cat?post=8144"},{"taxonomy":"product_tag","embeddable":true,"href":"https:\/\/phoenix-enzymreiniger.de\/en\/wp-json\/wp\/v2\/product_tag?post=8144"}],"curies":[{"name":"wp","href":"https:\/\/api.w.org\/{rel}","templated":true}]}}