{"id":8153,"date":"2025-11-01T07:25:34","date_gmt":"2025-11-01T06:25:34","guid":{"rendered":"https:\/\/phoenix-enzymreiniger.com\/?post_type=product&#038;p=8153"},"modified":"2026-04-11T18:25:11","modified_gmt":"2026-04-11T16:25:11","slug":"zahncreme-fuer-hunde-75g","status":"publish","type":"product","link":"https:\/\/phoenix-enzymreiniger.de\/en\/product\/zahncreme-fuer-hunde-75g\/","title":{"rendered":"Zahncreme f\u00fcr Hunde 75g"},"content":{"rendered":"<h1 class=\"product-meta__title heading h3\" style=\"text-align: center;\"><span style=\"color: #ff6600;\">Zahncreme f\u00fcr Hunde 75g<\/span><\/h1>\n<p dir=\"ltr\">Eine nat\u00fcrliche, vegane\u00a0<span style=\"color: #ff6600;\">Zahncreme f\u00fcr Hunde 75g<\/span>, speziell entwickelt f\u00fcr Hunde. Enth\u00e4lt schonende, aber effektive Inhaltsstoffe, um die Mundhygiene Ihres Hundes zu unterst\u00fctzen. Die Zahncreme hilft dabei, Plaque und Zahnstein zu bek\u00e4mpfen, und sorgt f\u00fcr frischen Atem.<b><\/b><\/p>\n<p dir=\"ltr\"><strong><span style=\"color: #ff6600;\">Eigenschaften<\/span>:<\/strong><\/p>\n<p dir=\"ltr\">Die ARAN-YA Zahncreme f\u00fcr Hunde f\u00f6rdert die Zahngesundheit von Hunden. Dies wird erreicht durch:<\/p>\n<ul>\n<li dir=\"ltr\" aria-level=\"1\">\n<p dir=\"ltr\" role=\"presentation\">Plaque- und Zahnsteinreduktion: Die Creme hilft, Plaque zu entfernen und die Bildung von Zahnstein zu verhindern, was Zahnfleischerkrankungen vorbeugt.<\/p>\n<\/li>\n<li dir=\"ltr\" aria-level=\"1\">\n<p dir=\"ltr\" role=\"presentation\">Frischen Atem: Sie neutralisiert Mundgeruch und sorgt f\u00fcr einen angenehmeren Atem.<\/p>\n<\/li>\n<li dir=\"ltr\" aria-level=\"1\">\n<p dir=\"ltr\" role=\"presentation\">Erhaltung gesunder Z\u00e4hne und Zahnfleisch: Die Inhaltsstoffe unterst\u00fctzen die Mundgesundheit durch antimikrobielle Wirkungen und sanfte Abrasionsmittel, die die Z\u00e4hne reinigen.<\/p>\n<\/li>\n<li dir=\"ltr\" aria-level=\"1\">\n<p dir=\"ltr\" role=\"presentation\">Anwendungssicherheit: Die Zahncreme ist speziell auf die Bed\u00fcrfnisse von Hunden abgestimmt, d. h., sie ist sicher bei Verschlucken und enth\u00e4lt keine f\u00fcr Hunde sch\u00e4dlichen Substanzen wie Fluorid.<\/p>\n<\/li>\n<li dir=\"ltr\" aria-level=\"1\">\n<p dir=\"ltr\" role=\"presentation\">Geeignet f\u00fcr alle Hunderassen<\/p>\n<\/li>\n<\/ul>\n<p><strong><span style=\"color: #ff6600;\">Application:<\/span><\/strong><\/p>\n<p>Eine kleine Menge der Zahncreme auf eine weiche Hundezahnb\u00fcrste oder einen Fingeraufsatz auftragen und vorsichtig die Z\u00e4hne des Hundes mit kreisenden Bewegungen putzen.<\/p>\n<p>F\u00fcr optimale Ergebnisse empfehlen wir die Z\u00e4hne 2-3 mal je Woche zu putzen.<\/p>\n<p>Beachten Sie unten unsere Empfehlungen f\u00fcr die Kombinationsm\u00f6glichkeiten bei der Zahnpflege.<\/p>\n<p dir=\"ltr\"><strong><span style=\"color: #ff6600;\">Nebenwirkungen<\/span>:<\/strong><\/p>\n<p dir=\"ltr\">Bisher sind keine negativen Folgen bei der Verwendung der ARAN-YA Zahncreme f\u00fcr Hunde bekannt.<b><\/b><\/p>\n<p dir=\"ltr\"><span style=\"color: #ff6600;\"><strong>Inhaltsstoffe<\/strong><\/span>:<\/p>\n<ul>\n<li>Aqua: Basisfl\u00fcssigkeit f\u00fcr die Formel, sorgt f\u00fcr die notwendige Feuchtigkeit.<\/li>\n<li>Kokos\u00f6l: Unterst\u00fctzt die Entfernung von Plaque und wirkt antibakteriell.<\/li>\n<li>Glycerin: Feuchtigkeitsspender, sorgt f\u00fcr eine weiche Konsistenz der Zahncreme.<\/li>\n<li>Natron: Milde Schleifwirkung, die hilft, Flecken auf den Z\u00e4hnen zu entfernen.<\/li>\n<li>Senf\u00f6l: Wirkt entz\u00fcndungshemmend und antiseptisch.<\/li>\n<li>Fl\u00fcssige Konzentrate Vegan Rind: Geschmackstoff f\u00fcr Hunde, ersetzt tierische Aromen.<\/li>\n<li>Xanthan: Verdickungsmittel, sorgt f\u00fcr die richtige Konsistenz der Zahncreme.<\/li>\n<li>Kamille: Beruhigend f\u00fcr das Zahnfleisch und entz\u00fcndungshemmend.<\/li>\n<li>Kiesels\u00e4ure: Schleifmittel, das hilft, Zahnstein zu entfernen, ohne den Zahnschmelz zu besch\u00e4digen.<\/li>\n<li>Enzyme: Unterst\u00fctzen den nat\u00fcrlichen Abbau von Plaque und f\u00f6rdern die Mundhygiene.<\/li>\n<li>Minz\u00f6l: Sorgt f\u00fcr frischen Atem und wirkt antibakteriell.<\/li>\n<li>Kreuzk\u00fcmmel\u00f6l: Antioxidativ und entz\u00fcndungshemmend, unterst\u00fctzt die Mundgesundheit.<\/li>\n<li><\/li>\n<\/ul>\n<p dir=\"ltr\"><span style=\"color: #ff6600;\"><strong>Haltbarkeit:<\/strong><\/span><\/p>\n<p dir=\"ltr\">Im Originalgebinde mindestens 12 Monate haltbar.\u00a0<b><\/b><\/p>\n<p dir=\"ltr\"><strong><span style=\"color: #ff6600;\">Empfehlung<\/span>:<\/strong><\/p>\n<p dir=\"ltr\">Die Zahnpflege bei Hunden sollte genau so regelm\u00e4\u00dfig durchgef\u00fchrt werden wie bei Menschen. Wir empfehlen eine kombinierte Zahnpflege, neben dem regelm\u00e4\u00dfigen Putzen der Z\u00e4hne (2-3 mal w\u00f6chentlich) kann dazu abwechselnd:<\/p>\n<ul>\n<li dir=\"ltr\" aria-level=\"1\">\n<p dir=\"ltr\" role=\"presentation\"><a href=\"https:\/\/phoenix-enzymreiniger.com\/de_de\/phoenix-enzymreiniger-shop\/aran-ya-tierpflegeprodukte\/aran-ya-hund\/zahnsteinloeser-fuer-hunde-125-ml\/\">das ARAN-YA Dentalspray f\u00fcr Hunde oder<\/a><\/p>\n<\/li>\n<li dir=\"ltr\" aria-level=\"1\">\n<p dir=\"ltr\" role=\"presentation\"><a href=\"https:\/\/phoenix-enzymreiniger.com\/de_de\/phoenix-enzymreiniger-shop\/aran-ya-tierpflegeprodukte\/aran-ya-hund\/trinkwasserzusatz-zur-hundezahnpflege\/\">der ARAN-YA Trinkwasserzusatz f\u00fcr Hunde<\/a><\/p>\n<\/li>\n<\/ul>\n<p dir=\"ltr\">angewendet werden.<\/p>\n<p dir=\"ltr\">Sollte sich bereits Zahnstein angesetzt haben empfehlen wir den ARAN-YA Zahnsteinl\u00f6ser anzuwenden.\u00a0<b><\/b><\/p>\n<p dir=\"ltr\"><strong><span style=\"color: #ff6600;\">Umwelt<\/span>:<\/strong><\/p>\n<p dir=\"ltr\">Verpackungsentsorgung gem\u00e4\u00df \u00f6rtlichen und nationalen Bestimmungen.<b><\/b><\/p>\n<p dir=\"ltr\"><strong><span style=\"color: #ff6600;\">Herstellerinformationen<\/span>:\u00a0<\/strong><\/p>\n<p dir=\"ltr\">ARAN-YA Tierpflegeprodukte ist ein Unternehmen, das sich auf die Entwicklung und Herstellung hochwertiger Pflegeprodukte f\u00fcr Tiere spezialisiert hat. Die Firma legt besonderen Wert auf nat\u00fcrliche Inhaltsstoffe und nachhaltige Produktion, um die Gesundheit und das Wohlbefinden von Haustieren und Nutztieren zu f\u00f6rdern.<b><\/b><\/p>\n<p dir=\"ltr\">Das Sortiment umfasst mehr als 40 Produkte f\u00fcr Pferde, Hund und andere Haustiere. Die tierfreundlichen L\u00f6sungen werden sowohl von Tierhaltern als auch von Profis in der Tierpflege gesch\u00e4tzt. ARAN-YA steht f\u00fcr Qualit\u00e4t, Umweltbewusstsein und innovative Ans\u00e4tze in der Tierpflegebranche.<\/p>\n<p dir=\"ltr\">Die Firma ARAN-YA wurde 2010 gegr\u00fcndet. In Zusammenarbeit mit Tierhaltern, Gest\u00fcten, Tierpflegern und Tier\u00e4rzten wurden und werden die Pflegeprodukte ohne Tierversuche entwickelt. Die Anforderungen der Kunden wurden immer ernst genommen. Die Produkte werden in Deutschland entwickelt und hergestellt. Die Produktion bei ARAN-YA unterliegt strengen Hygienepr\u00fcfungen.<\/p>","protected":false},"excerpt":{"rendered":"<p>Eczema Care Dog by ARAN-YA for the treatment of eczema on the dog's skin.<\/p>","protected":false},"featured_media":8155,"comment_status":"open","ping_status":"closed","template":"","meta":[],"product_brand":[421],"product_cat":[467,468],"product_tag":[],"class_list":{"0":"post-8153","1":"product","2":"type-product","3":"status-publish","4":"has-post-thumbnail","6":"product_brand-aran-ya","7":"product_cat-tierpflegeprodukte-unserer-partnerserie","8":"product_cat-aran-ya-tierpflegeprodukte-hund","9":"product_shipping_class-dhl-bis-2-kg","11":"first","12":"instock","13":"purchasable","14":"product-type-simple"},"_links":{"self":[{"href":"https:\/\/phoenix-enzymreiniger.de\/en\/wp-json\/wp\/v2\/product\/8153","targetHints":{"allow":["GET"]}}],"collection":[{"href":"https:\/\/phoenix-enzymreiniger.de\/en\/wp-json\/wp\/v2\/product"}],"about":[{"href":"https:\/\/phoenix-enzymreiniger.de\/en\/wp-json\/wp\/v2\/types\/product"}],"replies":[{"embeddable":true,"href":"https:\/\/phoenix-enzymreiniger.de\/en\/wp-json\/wp\/v2\/comments?post=8153"}],"version-history":[{"count":1,"href":"https:\/\/phoenix-enzymreiniger.de\/en\/wp-json\/wp\/v2\/product\/8153\/revisions"}],"predecessor-version":[{"id":10074,"href":"https:\/\/phoenix-enzymreiniger.de\/en\/wp-json\/wp\/v2\/product\/8153\/revisions\/10074"}],"wp:featuredmedia":[{"embeddable":true,"href":"https:\/\/phoenix-enzymreiniger.de\/en\/wp-json\/wp\/v2\/media\/8155"}],"wp:attachment":[{"href":"https:\/\/phoenix-enzymreiniger.de\/en\/wp-json\/wp\/v2\/media?parent=8153"}],"wp:term":[{"taxonomy":"product_brand","embeddable":true,"href":"https:\/\/phoenix-enzymreiniger.de\/en\/wp-json\/wp\/v2\/product_brand?post=8153"},{"taxonomy":"product_cat","embeddable":true,"href":"https:\/\/phoenix-enzymreiniger.de\/en\/wp-json\/wp\/v2\/product_cat?post=8153"},{"taxonomy":"product_tag","embeddable":true,"href":"https:\/\/phoenix-enzymreiniger.de\/en\/wp-json\/wp\/v2\/product_tag?post=8153"}],"curies":[{"name":"wp","href":"https:\/\/api.w.org\/{rel}","templated":true}]}}